{"id":1444,"date":"2021-04-11T17:20:50","date_gmt":"2021-04-11T15:20:50","guid":{"rendered":"http:\/\/localhost\/news\/?page_id=1444"},"modified":"2024-09-27T14:27:13","modified_gmt":"2024-09-27T12:27:13","slug":"publication","status":"publish","type":"page","link":"https:\/\/afea.fr\/news\/publication\/","title":{"rendered":"Publication"},"content":{"rendered":"\n<div class=\"wp-block-cover alignfull has-parallax is-light\" style=\"min-height:600px;aspect-ratio:unset;\"><span aria-hidden=\"true\" class=\"wp-block-cover__background has-background-dim-40 has-background-dim\" style=\"background-color:#181e19\"><\/span><div class=\"wp-block-cover__image-background wp-image-1445 has-parallax\" style=\"background-position:50% 50%;background-image:url(https:\/\/afea.fr\/news\/wp-content\/uploads\/sites\/2\/2021\/04\/reading-bookworm-man-1246520.jpg)\"><\/div><div class=\"wp-block-cover__inner-container is-layout-flow wp-block-cover-is-layout-flow\">\n<div class=\"wp-block-columns are-vertically-aligned-center is-layout-flex wp-container-core-columns-is-layout-1 wp-block-columns-is-layout-flex\">\n<div class=\"wp-block-column is-vertically-aligned-center is-layout-flow wp-block-column-is-layout-flow\">\n<h1 class=\"wp-block-heading has-white-color has-text-color\">Publication announcements<\/h1>\n<\/div>\n\n\n\n<div class=\"wp-block-column is-vertically-aligned-center is-layout-flow wp-block-column-is-layout-flow\">\n<p class=\"has-white-color has-text-color\">This page lists the latest publication announcements posted by members. To submit your own, please refer to the link in the menu.<\/p>\n<\/div>\n<\/div>\n<\/div><\/div>\n\n\n\n<div style=\"height:100px\" aria-hidden=\"true\" class=\"wp-block-spacer\"><\/div>\n\n\n\n<p>Listed by publication date on this website. For more, please click the button below.<\/p>\n\n\n<ul class=\"has-dates has-excerpts wp-block-rss\"><li class='wp-block-rss__item'><div class='wp-block-rss__item-title'><a href='https:\/\/afea.fr\/news\/cfp\/afea-news-seminaire-capitalisme-et-education-18-03-neoliberalisation-de-leducation-et-fabriq-ue-des-territoires-10h-12h\/6104\/'>AFEA NEWS: S\u00e9minaire Capitalisme et \u00c9ducation | 18.03 \u2013 N\u00e9olib\u00e9ralisation de l\u2019\u00e9ducation et fabriq ue des territoires \u2013 10h-12h<\/a><\/div><time datetime=\"2026-03-13T15:54:47+01:00\" class=\"wp-block-rss__item-publish-date\">mars 13, 2026<\/time> <div class=\"wp-block-rss__item-excerpt\"><\/div><\/li><li class='wp-block-rss__item'><div class='wp-block-rss__item-title'><a href='https:\/\/afea.fr\/news\/cfp\/%E2%9C%A8-publication-un-siecle-davant-garde-essai-sur-le-theatre-etasunien\/5400\/'>\u2728 Publication: Un si\u00e8cle d\u2019avant-garde. Essai sur le th\u00e9\u00e2tre \u00e9tasunien<\/a><\/div><time datetime=\"2024-12-05T15:09:04+01:00\" class=\"wp-block-rss__item-publish-date\">d\u00e9cembre 5, 2024<\/time> <div class=\"wp-block-rss__item-excerpt\">Cher.e.s tou.te.s, Je suis heureuse de vous annoncer la publication de mon dernier ouvrage Un si\u00e8cle d\u2019avant-garde. Essai sur le [\u2026]<\/div><\/li><li class='wp-block-rss__item'><div class='wp-block-rss__item-title'><a href='https:\/\/afea.fr\/news\/cfp\/diffusion-dune-annonce\/5399\/'>Diffusion d\u2019une annonce<\/a><\/div><time datetime=\"2024-12-05T15:06:36+01:00\" class=\"wp-block-rss__item-publish-date\">d\u00e9cembre 5, 2024<\/time> <div class=\"wp-block-rss__item-excerpt\">[SEM] Fronti\u00e8res du Litt\u00e9raire, 19.11 | Dr. Eugenia Flyn, &quot;Australian Indigenous Literary Culture Within Global Contexts&quot; Dear colleagues, The Boundaries [\u2026]<\/div><\/li><li class='wp-block-rss__item'><div class='wp-block-rss__item-title'><a href='https:\/\/afea.fr\/news\/cfp\/afea-news-upcoming-deadline-convalescence-in-19th-and-20th-century-anglophone-literature\/5396\/'>AFEA NEWS: *UPCOMING DEADLINE* Convalescence in 19th- and 20th-century anglophone literature<\/a><\/div><time datetime=\"2024-12-05T15:05:59+01:00\" class=\"wp-block-rss__item-publish-date\">d\u00e9cembre 5, 2024<\/time> <div class=\"wp-block-rss__item-excerpt\">CFP-Convalescence-in-19th-and-20th-century-literature.pdf<\/div><\/li><li class='wp-block-rss__item'><div class='wp-block-rss__item-title'><a href='https:\/\/afea.fr\/news\/cfp\/afea-news-seminaire-capitalisme-et-education-30-janvier-2025-maison-de-la-recherche-sorbonne-universi-te\/5393\/'>AFEA NEWS: S\u00e9minaire Capitalisme et \u00e9ducation, 30 janvier 2025, Maison de la Recherche, Sorbonne Universi t\u00e9<\/a><\/div><time datetime=\"2024-12-05T15:05:14+01:00\" class=\"wp-block-rss__item-publish-date\">d\u00e9cembre 5, 2024<\/time> <div class=\"wp-block-rss__item-excerpt\"><\/div><\/li><li class='wp-block-rss__item'><div class='wp-block-rss__item-title'><a href='https:\/\/afea.fr\/news\/cfp\/cfp-california-as-the-epicenter-of-social-sciences-october-10-11-2025\/5349\/'>CFP \u2013 California as the Epicenter of Social Sciences \u2013 October 10-11, 2025<\/a><\/div><time datetime=\"2024-11-25T10:42:55+01:00\" class=\"wp-block-rss__item-publish-date\">novembre 25, 2024<\/time> <div class=\"wp-block-rss__item-excerpt\">California as the Epicenter of Social Sciences Date : October 10-11, 2025, Paris Organizing committee: Thibaut Cl\u00e9ment (HDEA, Sorbonne Universit\u00e9 [\u2026]<\/div><\/li><li class='wp-block-rss__item'><div class='wp-block-rss__item-title'><a href='https:\/\/afea.fr\/news\/seminar\/environmental-humanities-workshop-larca-umr-8225-auto-ethnographic-reflections-on-ecological-grief-thursday-28-nov-8pm-paris-time-teams\/5368\/'>Environmental Humanities Workshop\/ LARCA UMR 8225 \u2014 &#039;Auto-ethnographic reflections on ecological grief&#039; (Thursday 28 Nov., 8pm Paris time-TEAMS)<\/a><\/div><time datetime=\"2024-11-25T10:38:18+01:00\" class=\"wp-block-rss__item-publish-date\">novembre 25, 2024<\/time> <div class=\"wp-block-rss__item-excerpt\">Dear colleagues, This email is both a reminder of the upcoming LARCA Environmental Humanities seminar on \u2018Auto-ethnographic reflections on ecological [\u2026]<\/div><\/li><li class='wp-block-rss__item'><div class='wp-block-rss__item-title'><a href='https:\/\/afea.fr\/news\/cfp\/regards-sur-une-petite-planete-looking-at-a-small-planet-new-travel-narratives-in-the-postcolonial-atlantic-february-14-2025\/5361\/'>Regards sur une petite plan\u00e8te \/ Looking at a Small Planet: New Travel Narratives in the Postcolonial Atlantic \/ February 14, 2025<\/a><\/div><time datetime=\"2024-11-25T09:49:36+01:00\" class=\"wp-block-rss__item-publish-date\">novembre 25, 2024<\/time> <div class=\"wp-block-rss__item-excerpt\">Cette journ\u00e9e d\u2019\u00e9tude vise \u00e0 faire dialoguer chercheuses et chercheurs travaillant sur les r\u00e9cits de voyage produits dans l\u2019espace atlantique, [\u2026]<\/div><\/li><li class='wp-block-rss__item'><div class='wp-block-rss__item-title'><a href='https:\/\/afea.fr\/news\/publication\/de-linvisibilite-a-la-visibilite-visages-de-linconvenant\/5342\/'>De l&#039;invisibilit\u00e9 \u00e0 la visibilit\u00e9. Visage(s) de l\u2019inconvenant<\/a><\/div><time datetime=\"2024-11-19T08:40:42+01:00\" class=\"wp-block-rss__item-publish-date\">novembre 19, 2024<\/time> <div class=\"wp-block-rss__item-excerpt\">Ch\u00e8res et chers coll\u00e8gues, Nous avons le plaisir de vous annoncer la parution de l\u2019ouvrage : De l\u2019invisibilit\u00e9 \u00e0 la [\u2026]<\/div><\/li><li class='wp-block-rss__item'><div class='wp-block-rss__item-title'><a href='https:\/\/afea.fr\/news\/soutenance\/la-guerre-froide-vue-par-hollywood-berlin-au-prisme-des-rapports-sociaux-de-genre-1945-1961\/5339\/'>&quot;La Guerre Froide vue par Hollywood : Berlin au prisme des rapports sociaux de genre (1945-1961)&quot;<\/a><\/div><time datetime=\"2024-11-19T08:39:43+01:00\" class=\"wp-block-rss__item-publish-date\">novembre 19, 2024<\/time> <div class=\"wp-block-rss__item-excerpt\">Ch\u00e8res et chers coll\u00e8gues, J\u2019ai le plaisir de vous annoncer que Manon K\u00dcFFER soutiendra sa th\u00e8se intitul\u00e9e: &quot;La Guerre Froide [\u2026]<\/div><\/li><li class='wp-block-rss__item'><div class='wp-block-rss__item-title'><a href='https:\/\/afea.fr\/news\/cfp\/cfp-gender-and-neurodiversity-on-screen\/5336\/'>CFP &quot;Gender and neurodiversity on screen&quot;<\/a><\/div><time datetime=\"2024-11-19T08:39:15+01:00\" class=\"wp-block-rss__item-publish-date\">novembre 19, 2024<\/time> <div class=\"wp-block-rss__item-excerpt\">Dear colleagues, Please find attached the call for papers for special issue n\u00b0 20 of the French journal Genre en [\u2026]<\/div><\/li><li class='wp-block-rss__item'><div class='wp-block-rss__item-title'><a href='https:\/\/afea.fr\/news\/soutenance\/soutenance-de-caroline-hildebrandt-ens-de-lyon-vendredi-6-decembre-2024-14h\/5327\/'>Soutenance de Caroline Hildebrandt, ENS de Lyon, vendredi 6 d\u00e9cembre 2024, 14h<\/a><\/div><time datetime=\"2024-11-15T20:40:07+01:00\" class=\"wp-block-rss__item-publish-date\">novembre 15, 2024<\/time> <div class=\"wp-block-rss__item-excerpt\">Chers et ch\u00e8res coll\u00e8gues, Je soutiendrai ma th\u00e8se de doctorat intitul\u00e9e \u00ab Du Confidence-Man \u00e0 Clarel : s\u00e9cularisation et d\u00e9mythologisation [\u2026]<\/div><\/li><li class='wp-block-rss__item'><div class='wp-block-rss__item-title'><a href='https:\/\/afea.fr\/news\/seminar\/mediamerica-seance-2-louise-angles-dauriac-universite-sorbonne-nouvelle-peuple-public-et-communautes-sur-twitter-lors-des-elections-presidentielles-americaines-de-202\/5322\/'>M\u00e9diam\u00e9rica, s\u00e9ance 2 \u2013 Louise Angl\u00e8s d\u2019Auriac (Universit\u00e9 Sorbonne-Nouvelle) : \u201cPeuple, public et communaut\u00e9s sur Twitter lors des \u00e9lections pr\u00e9sidentielles am\u00e9ricaines de 2020\u201d<\/a><\/div><time datetime=\"2024-11-14T11:22:41+01:00\" class=\"wp-block-rss__item-publish-date\">novembre 14, 2024<\/time> <div class=\"wp-block-rss__item-excerpt\">Cher\u00b7e\u00b7s coll\u00e8gues, J\u2019ai le plaisir d\u2019annoncer la deuxi\u00e8me s\u00e9ance du s\u00e9minaire M\u00e9diamerica, le lundi 18 novembre de 17h30 \u00e0 19h00, [\u2026]<\/div><\/li><li class='wp-block-rss__item'><div class='wp-block-rss__item-title'><a href='https:\/\/afea.fr\/news\/cfp\/comment-imager-le-xxie-siecle-figurer-la-realite-dans-les-arts-visuels-what-can-pictures-still-do-in-the-21st-century-figuring-reality-in-visual-arts\/5321\/'>Comment imager le XXIe si\u00e8cle ? Figurer la r\u00e9alit\u00e9 dans les arts visuels\/What can pictures still do in the 21st century? Figuring reality in visual arts<\/a><\/div><time datetime=\"2024-11-14T11:22:02+01:00\" class=\"wp-block-rss__item-publish-date\">novembre 14, 2024<\/time> <div class=\"wp-block-rss__item-excerpt\">Ce colloque se propose d\u2019examiner la question de la repr\u00e9sentation figurative dans les arts visuels au d\u00e9but de XXIe si\u00e8cle. [\u2026]<\/div><\/li><li class='wp-block-rss__item'><div class='wp-block-rss__item-title'><a href='https:\/\/afea.fr\/news\/soutenance\/soutenance-de-mathilde-louette-universite-paris-cite-vendredi-22-novembre-2024-14h\/5318\/'>Soutenance de Mathilde Louette, Universit\u00e9 Paris Cit\u00e9, vendredi 22 novembre 2024, 14h<\/a><\/div><time datetime=\"2024-11-14T11:21:45+01:00\" class=\"wp-block-rss__item-publish-date\">novembre 14, 2024<\/time> <div class=\"wp-block-rss__item-excerpt\">Chers et ch\u00e8res coll\u00e8gues, Mathilde Louette (ED131\/LARCA UMR 8225) soutiendra sa th\u00e8se intitul\u00e9e \u00ab Droit de retour : pratiques litt\u00e9raires [\u2026]<\/div><\/li><\/ul>\n\n\n<div class=\"wp-block-buttons is-layout-flex wp-block-buttons-is-layout-flex\">\n<div class=\"wp-block-button\"><a class=\"wp-block-button__link has-vivid-red-color has-white-background-color has-text-color has-background wp-element-button\" href=\"https:\/\/afea.fr\/news\/category\/publication\/\">More<\/a><\/div>\n<\/div>\n\n\n\n<div class=\"wp-block-group alignfull has-background is-layout-flow wp-block-group-is-layout-flow\" style=\"background-color:#f8f7f2\">\n<div class=\"wp-block-media-text alignwide has-media-on-the-right is-stacked-on-mobile is-vertically-aligned-center\" style=\"grid-template-columns:auto 36%\"><div class=\"wp-block-media-text__content\">\n<p><em>Two approaches seem to me the difference between reading as a skill and reading as an art. The first is quite enough. From knowing what STOP means through understanding a scholarly essay or a legal brief, the necessary skill varies greatly, can always be refined, and lets us negotiate life with some measure of control. Reading as art, not Art (once, depressingly called \u00ab\u00a0critical\u00a0\u00bb reading) is another matter. Like the avid devotion to other arts, it develops over time in any number of ways, takes all sorts of routes, and has many origins.<\/em><\/p>\n\n\n\n<h5 class=\"wp-block-heading\">Toni Morrisson<\/h5>\n<\/div><figure class=\"wp-block-media-text__media\"><img data-recalc-dims=\"1\" loading=\"lazy\" decoding=\"async\" width=\"1024\" height=\"823\" src=\"https:\/\/i0.wp.com\/afea.fr\/news\/wp-content\/uploads\/sites\/2\/2021\/04\/owl-4783407_1280.png?resize=1024%2C823&#038;ssl=1\" alt=\"\" class=\"wp-image-1725 size-full\" srcset=\"https:\/\/i0.wp.com\/afea.fr\/news\/wp-content\/uploads\/sites\/2\/2021\/04\/owl-4783407_1280.png?resize=1024%2C823&amp;ssl=1 1024w, https:\/\/i0.wp.com\/afea.fr\/news\/wp-content\/uploads\/sites\/2\/2021\/04\/owl-4783407_1280.png?resize=300%2C241&amp;ssl=1 300w, https:\/\/i0.wp.com\/afea.fr\/news\/wp-content\/uploads\/sites\/2\/2021\/04\/owl-4783407_1280.png?resize=768%2C617&amp;ssl=1 768w, https:\/\/i0.wp.com\/afea.fr\/news\/wp-content\/uploads\/sites\/2\/2021\/04\/owl-4783407_1280.png?w=1280&amp;ssl=1 1280w\" sizes=\"(max-width: 1000px) 100vw, 1000px\" \/><\/figure><\/div>\n<\/div>\n\n\n\n<p><\/p>\n","protected":false},"excerpt":{"rendered":"<p>Listed by publication date on this website. For more, please click the button below. Two approaches seem to me the [&hellip;]<\/p>\n","protected":false},"author":1,"featured_media":0,"parent":0,"menu_order":0,"comment_status":"closed","ping_status":"closed","template":"","meta":{"_uag_custom_page_level_css":"","site-sidebar-layout":"default","site-content-layout":"plain-container","ast-site-content-layout":"normal-width-container","site-content-style":"unboxed","site-sidebar-style":"unboxed","ast-global-header-display":"","ast-banner-title-visibility":"","ast-main-header-display":"","ast-hfb-above-header-display":"","ast-hfb-below-header-display":"","ast-hfb-mobile-header-display":"","site-post-title":"disabled","ast-breadcrumbs-content":"","ast-featured-img":"","footer-sml-layout":"","ast-disable-related-posts":"","theme-transparent-header-meta":"default","adv-header-id-meta":"","stick-header-meta":"","header-above-stick-meta":"","header-main-stick-meta":"","header-below-stick-meta":"","astra-migrate-meta-layouts":"set","ast-page-background-enabled":"default","ast-page-background-meta":{"desktop":{"background-color":"var(--ast-global-color-5)","background-image":"","background-repeat":"repeat","background-position":"center center","background-size":"auto","background-attachment":"scroll","background-type":"","background-media":"","overlay-type":"","overlay-color":"","overlay-opacity":"","overlay-gradient":""},"tablet":{"background-color":"","background-image":"","background-repeat":"repeat","background-position":"center center","background-size":"auto","background-attachment":"scroll","background-type":"","background-media":"","overlay-type":"","overlay-color":"","overlay-opacity":"","overlay-gradient":""},"mobile":{"background-color":"","background-image":"","background-repeat":"repeat","background-position":"center center","background-size":"auto","background-attachment":"scroll","background-type":"","background-media":"","overlay-type":"","overlay-color":"","overlay-opacity":"","overlay-gradient":""}},"ast-content-background-meta":{"desktop":{"background-color":"var(--ast-global-color-4)","background-image":"","background-repeat":"repeat","background-position":"center center","background-size":"auto","background-attachment":"scroll","background-type":"","background-media":"","overlay-type":"","overlay-color":"","overlay-opacity":"","overlay-gradient":""},"tablet":{"background-color":"var(--ast-global-color-4)","background-image":"","background-repeat":"repeat","background-position":"center center","background-size":"auto","background-attachment":"scroll","background-type":"","background-media":"","overlay-type":"","overlay-color":"","overlay-opacity":"","overlay-gradient":""},"mobile":{"background-color":"var(--ast-global-color-4)","background-image":"","background-repeat":"repeat","background-position":"center center","background-size":"auto","background-attachment":"scroll","background-type":"","background-media":"","overlay-type":"","overlay-color":"","overlay-opacity":"","overlay-gradient":""}},"footnotes":""},"class_list":["post-1444","page","type-page","status-publish","hentry"],"uagb_featured_image_src":{"full":false,"thumbnail":false,"medium":false,"medium_large":false,"large":false,"1536x1536":false,"2048x2048":false},"uagb_author_info":{"display_name":"Admin","author_link":"https:\/\/afea.fr\/news\/author\/yanb\/"},"uagb_comment_info":0,"uagb_excerpt":"Listed by publication date on this website. For more, please click the button below. Two approaches seem to me the [&hellip;]","jetpack_sharing_enabled":true,"_links":{"self":[{"href":"https:\/\/afea.fr\/news\/wp-json\/wp\/v2\/pages\/1444"}],"collection":[{"href":"https:\/\/afea.fr\/news\/wp-json\/wp\/v2\/pages"}],"about":[{"href":"https:\/\/afea.fr\/news\/wp-json\/wp\/v2\/types\/page"}],"author":[{"embeddable":true,"href":"https:\/\/afea.fr\/news\/wp-json\/wp\/v2\/users\/1"}],"replies":[{"embeddable":true,"href":"https:\/\/afea.fr\/news\/wp-json\/wp\/v2\/comments?post=1444"}],"version-history":[{"count":9,"href":"https:\/\/afea.fr\/news\/wp-json\/wp\/v2\/pages\/1444\/revisions"}],"predecessor-version":[{"id":5363,"href":"https:\/\/afea.fr\/news\/wp-json\/wp\/v2\/pages\/1444\/revisions\/5363"}],"wp:attachment":[{"href":"https:\/\/afea.fr\/news\/wp-json\/wp\/v2\/media?parent=1444"}],"curies":[{"name":"wp","href":"https:\/\/api.w.org\/{rel}","templated":true}]}}