{"id":1432,"date":"2021-04-11T16:58:02","date_gmt":"2021-04-11T14:58:02","guid":{"rendered":"http:\/\/localhost\/news\/?page_id=1432"},"modified":"2021-04-26T20:36:27","modified_gmt":"2021-04-26T18:36:27","slug":"soutenances","status":"publish","type":"page","link":"https:\/\/afea.fr\/news\/soutenances\/","title":{"rendered":"Soutenances"},"content":{"rendered":"\n<div class=\"wp-block-cover alignfull has-background-dim-40 has-background-dim\" style=\"background-color:#181e19\"><img data-recalc-dims=\"1\" loading=\"lazy\" decoding=\"async\" width=\"1280\" height=\"960\" class=\"wp-block-cover__image-background wp-image-1434\" alt=\"\" src=\"https:\/\/i0.wp.com\/afea.fr\/news\/wp-content\/uploads\/sites\/2\/2021\/04\/graduation-graduation-cap-achievement-2394130.jpg?resize=1280%2C960&#038;ssl=1\" style=\"object-position:55% 73%\" data-object-fit=\"cover\" data-object-position=\"55% 73%\" srcset=\"https:\/\/i0.wp.com\/afea.fr\/news\/wp-content\/uploads\/sites\/2\/2021\/04\/graduation-graduation-cap-achievement-2394130.jpg?w=1280&amp;ssl=1 1280w, https:\/\/i0.wp.com\/afea.fr\/news\/wp-content\/uploads\/sites\/2\/2021\/04\/graduation-graduation-cap-achievement-2394130.jpg?resize=300%2C225&amp;ssl=1 300w, https:\/\/i0.wp.com\/afea.fr\/news\/wp-content\/uploads\/sites\/2\/2021\/04\/graduation-graduation-cap-achievement-2394130.jpg?resize=1024%2C768&amp;ssl=1 1024w, https:\/\/i0.wp.com\/afea.fr\/news\/wp-content\/uploads\/sites\/2\/2021\/04\/graduation-graduation-cap-achievement-2394130.jpg?resize=768%2C576&amp;ssl=1 768w\" sizes=\"(max-width: 1000px) 100vw, 1000px\" \/><div class=\"wp-block-cover__inner-container is-layout-flow wp-block-cover-is-layout-flow\">\n<div class=\"wp-block-columns are-vertically-aligned-center is-layout-flex wp-container-core-columns-is-layout-1 wp-block-columns-is-layout-flex\">\n<div class=\"wp-block-column is-vertically-aligned-center is-layout-flow wp-block-column-is-layout-flow\">\n<h1 class=\"has-white-color has-text-color wp-block-heading\">Soutenances<\/h1>\n<\/div>\n\n\n\n<div class=\"wp-block-column is-vertically-aligned-center is-layout-flow wp-block-column-is-layout-flow\">\n<p class=\"has-white-color has-text-color\">This page lists the latest announcements posted by members. To submit your own, please refer to the link in the menu.<\/p>\n<\/div>\n<\/div>\n<\/div><\/div>\n\n\n\n<div class=\"wp-block-group alignfull\"><div class=\"wp-block-group__inner-container is-layout-flow wp-block-group-is-layout-flow\">\n<div class=\"wp-block-media-text alignwide is-stacked-on-mobile is-vertically-aligned-top\" style=\"grid-template-columns:30% auto\"><figure class=\"wp-block-media-text__media\"><img data-recalc-dims=\"1\" loading=\"lazy\" decoding=\"async\" width=\"1024\" height=\"960\" src=\"https:\/\/i0.wp.com\/afea.fr\/news\/wp-content\/uploads\/sites\/2\/2021\/04\/albert-einstein-1-october-1940-phillip-judge-forman-1165218.jpg?resize=1024%2C960&#038;ssl=1\" alt=\"albert einstein, 1 october 1940, phillip judge forman\" class=\"wp-image-1438 size-full\" srcset=\"https:\/\/i0.wp.com\/afea.fr\/news\/wp-content\/uploads\/sites\/2\/2021\/04\/albert-einstein-1-october-1940-phillip-judge-forman-1165218.jpg?resize=1024%2C960&amp;ssl=1 1024w, https:\/\/i0.wp.com\/afea.fr\/news\/wp-content\/uploads\/sites\/2\/2021\/04\/albert-einstein-1-october-1940-phillip-judge-forman-1165218.jpg?resize=300%2C281&amp;ssl=1 300w, https:\/\/i0.wp.com\/afea.fr\/news\/wp-content\/uploads\/sites\/2\/2021\/04\/albert-einstein-1-october-1940-phillip-judge-forman-1165218.jpg?resize=768%2C720&amp;ssl=1 768w, https:\/\/i0.wp.com\/afea.fr\/news\/wp-content\/uploads\/sites\/2\/2021\/04\/albert-einstein-1-october-1940-phillip-judge-forman-1165218.jpg?w=1280&amp;ssl=1 1280w\" sizes=\"(max-width: 1000px) 100vw, 1000px\" \/><\/figure><div class=\"wp-block-media-text__content\">\n<p>Listed by publication date on this website. For more, please click the button below.<\/p>\n\n\n<ul class=\"has-dates has-excerpts wp-block-rss\"><li class='wp-block-rss__item'><div class='wp-block-rss__item-title'><a href='https:\/\/afea.fr\/news\/soutenance\/la-guerre-froide-vue-par-hollywood-berlin-au-prisme-des-rapports-sociaux-de-genre-1945-1961\/5339\/'>&quot;La Guerre Froide vue par Hollywood : Berlin au prisme des rapports sociaux de genre (1945-1961)&quot;<\/a><\/div><time datetime=\"2024-11-19T08:39:43+01:00\" class=\"wp-block-rss__item-publish-date\">novembre 19, 2024<\/time> <div class=\"wp-block-rss__item-excerpt\">Ch\u00e8res et chers coll\u00e8gues, J\u2019ai le plaisir de vous annoncer que Manon K\u00dcFFER soutiendra sa th\u00e8se intitul\u00e9e: &quot;La Guerre Froide [\u2026]<\/div><\/li><li class='wp-block-rss__item'><div class='wp-block-rss__item-title'><a href='https:\/\/afea.fr\/news\/soutenance\/soutenance-de-caroline-hildebrandt-ens-de-lyon-vendredi-6-decembre-2024-14h\/5327\/'>Soutenance de Caroline Hildebrandt, ENS de Lyon, vendredi 6 d\u00e9cembre 2024, 14h<\/a><\/div><time datetime=\"2024-11-15T20:40:07+01:00\" class=\"wp-block-rss__item-publish-date\">novembre 15, 2024<\/time> <div class=\"wp-block-rss__item-excerpt\">Chers et ch\u00e8res coll\u00e8gues, Je soutiendrai ma th\u00e8se de doctorat intitul\u00e9e \u00ab Du Confidence-Man \u00e0 Clarel : s\u00e9cularisation et d\u00e9mythologisation [\u2026]<\/div><\/li><li class='wp-block-rss__item'><div class='wp-block-rss__item-title'><a href='https:\/\/afea.fr\/news\/soutenance\/soutenance-de-mathilde-louette-universite-paris-cite-vendredi-22-novembre-2024-14h\/5318\/'>Soutenance de Mathilde Louette, Universit\u00e9 Paris Cit\u00e9, vendredi 22 novembre 2024, 14h<\/a><\/div><time datetime=\"2024-11-14T11:21:45+01:00\" class=\"wp-block-rss__item-publish-date\">novembre 14, 2024<\/time> <div class=\"wp-block-rss__item-excerpt\">Chers et ch\u00e8res coll\u00e8gues, Mathilde Louette (ED131\/LARCA UMR 8225) soutiendra sa th\u00e8se intitul\u00e9e \u00ab Droit de retour : pratiques litt\u00e9raires [\u2026]<\/div><\/li><li class='wp-block-rss__item'><div class='wp-block-rss__item-title'><a href='https:\/\/afea.fr\/news\/soutenance\/annonce-de-soutenance-paris-8\/5270\/'>Annonce de soutenance Paris 8<\/a><\/div><time datetime=\"2024-10-31T17:03:59+01:00\" class=\"wp-block-rss__item-publish-date\">octobre 31, 2024<\/time> <div class=\"wp-block-rss__item-excerpt\">Juliette Tran (Universit\u00e9 Paris 8) soutiendra sa th\u00e8se de civilisation am\u00e9ricaine \u00ab Kentucky as America : r\u00e9cits et m\u00e9moires du [\u2026]<\/div><\/li><li class='wp-block-rss__item'><div class='wp-block-rss__item-title'><a href='https:\/\/afea.fr\/news\/soutenance\/milena-arsich-lexamen-du-langage-les-questionnements-metalinguistiques-dans-la-poesie-francaise-russe-et-nord-americaine-1970-2000\/5116\/'>Milena Arsich, \u00ab L&#039;examen du langage : les questionnements m\u00e9talinguistiques dans la po\u00e9sie fran\u00e7aise, russe et nord-am\u00e9ricaine (1970-2000) \u00bb<\/a><\/div><time datetime=\"2024-09-27T12:07:25+02:00\" class=\"wp-block-rss__item-publish-date\">septembre 27, 2024<\/time> <div class=\"wp-block-rss__item-excerpt\">L\u2019Institut de litt\u00e9rature compar\u00e9e et son groupe de recherches L\u2019Europe des lettres sont heureux d\u2019annoncer la prochaine soutenance de th\u00e8se [\u2026]<\/div><\/li><li class='wp-block-rss__item'><div class='wp-block-rss__item-title'><a href='https:\/\/afea.fr\/news\/cfp\/soutenance-georges-de-medts\/4959\/'>Soutenance Georges de Medts<\/a><\/div><time datetime=\"2024-06-26T12:32:53+02:00\" class=\"wp-block-rss__item-publish-date\">juin 26, 2024<\/time> <div class=\"wp-block-rss__item-excerpt\">Ch\u00e8res et chers coll\u00e8gues, J\u2019ai le plaisir d\u2019annoncer la soutenance de th\u00e8se de\u00a0Georges de Medts, le\u00a028 juin 2024\u00a0\u00e0\u00a014h00 \u00e0 l\u2019adresse [\u2026]<\/div><\/li><li class='wp-block-rss__item'><div class='wp-block-rss__item-title'><a href='https:\/\/afea.fr\/news\/cfp\/afea-news-soutenance-marilyn-lemery-gomez-2\/4935\/'>Soutenance Marilyn Lemery Gomez<\/a><\/div><time datetime=\"2024-06-18T11:03:49+02:00\" class=\"wp-block-rss__item-publish-date\">juin 18, 2024<\/time> <div class=\"wp-block-rss__item-excerpt\">Ch\u00e8res et chers coll\u00e8gues, J\u2019ai le plaisir d\u2019annoncer la soutenance de th\u00e8se de\u00a0Marilyn LEMERY GOMEZ, le\u00a021 juin 2024\u00a0\u00e0\u00a014h00\u00e0 l\u2019adresse suivante [\u2026]<\/div><\/li><li class='wp-block-rss__item'><div class='wp-block-rss__item-title'><a href='https:\/\/afea.fr\/news\/soutenance\/imaginaires-de-la-psychose-recits-gothiques-et-psychopathologiques-dans-la-litterature-et-le-cinema-anglo-americains\/3743\/'>&quot;Imaginaires de la psychose. R\u00e9cits gothiques et psychopathologiques dans la litt\u00e9rature et le cin\u00e9ma anglo-am\u00e9ricains&quot;<\/a><\/div><time datetime=\"2024-03-12T20:31:43+01:00\" class=\"wp-block-rss__item-publish-date\">mars 12, 2024<\/time> <div class=\"wp-block-rss__item-excerpt\">Annonce de soutenance: M. Jocelyn Dupont, ma\u00eetre de conf\u00e9rences \u00e0 l\u2019universit\u00e9 de Perpignan, soutiendra son habilitation \u00e0 diriger des recherches [\u2026]<\/div><\/li><li class='wp-block-rss__item'><div class='wp-block-rss__item-title'><a href='https:\/\/afea.fr\/news\/soutenance\/soutenance-marion-marchet\/3488\/'>Soutenance Marion Marchet<\/a><\/div><time datetime=\"2023-11-13T09:02:12+01:00\" class=\"wp-block-rss__item-publish-date\">novembre 13, 2023<\/time> <div class=\"wp-block-rss__item-excerpt\">Cher\u00b7es coll\u00e8gues, J\u2019ai le plaisir de vous convier \u00e0 ma soutenance de th\u00e8se, qui aura lieu le samedi 25 novembre [\u2026]<\/div><\/li><li class='wp-block-rss__item'><div class='wp-block-rss__item-title'><a href='https:\/\/afea.fr\/news\/soutenance\/soutenance-de-these-dastrid-maes\/3481\/'>Soutenance de th\u00e8se d\u2019Astrid Maes<\/a><\/div><time datetime=\"2023-11-13T08:56:13+01:00\" class=\"wp-block-rss__item-publish-date\">novembre 13, 2023<\/time> <div class=\"wp-block-rss__item-excerpt\">Ch\u00e8res et chers coll\u00e8gues, J\u2019ai le plaisir de vous informer qu\u2019Astrid Maes soutiendra sa th\u00e8se de Doctorat \u00e0 l\u2019Universit\u00e9 de [\u2026]<\/div><\/li><\/ul>\n\n\n<div class=\"wp-block-buttons is-layout-flex wp-block-buttons-is-layout-flex\">\n<div class=\"wp-block-button\"><a class=\"wp-block-button__link\" href=\"https:\/\/afea.fr\/news\/category\/soutenance\">More<\/a><\/div>\n<\/div>\n<\/div><\/div>\n<\/div><\/div>\n\n\n\n<p><\/p>\n","protected":false},"excerpt":{"rendered":"<p>Listed by publication date on this website. For more, please click the button below.<\/p>\n","protected":false},"author":1,"featured_media":0,"parent":0,"menu_order":0,"comment_status":"closed","ping_status":"closed","template":"","meta":{"_uag_custom_page_level_css":"","site-sidebar-layout":"default","site-content-layout":"plain-container","ast-site-content-layout":"default","site-content-style":"default","site-sidebar-style":"default","ast-global-header-display":"","ast-banner-title-visibility":"","ast-main-header-display":"","ast-hfb-above-header-display":"","ast-hfb-below-header-display":"","ast-hfb-mobile-header-display":"","site-post-title":"disabled","ast-breadcrumbs-content":"","ast-featured-img":"","footer-sml-layout":"","ast-disable-related-posts":"","theme-transparent-header-meta":"enabled","adv-header-id-meta":"","stick-header-meta":"","header-above-stick-meta":"","header-main-stick-meta":"","header-below-stick-meta":"","astra-migrate-meta-layouts":"default","ast-page-background-enabled":"default","ast-page-background-meta":{"desktop":{"background-color":"var(--ast-global-color-5)","background-image":"","background-repeat":"repeat","background-position":"center center","background-size":"auto","background-attachment":"scroll","background-type":"","background-media":"","overlay-type":"","overlay-color":"","overlay-opacity":"","overlay-gradient":""},"tablet":{"background-color":"","background-image":"","background-repeat":"repeat","background-position":"center center","background-size":"auto","background-attachment":"scroll","background-type":"","background-media":"","overlay-type":"","overlay-color":"","overlay-opacity":"","overlay-gradient":""},"mobile":{"background-color":"","background-image":"","background-repeat":"repeat","background-position":"center center","background-size":"auto","background-attachment":"scroll","background-type":"","background-media":"","overlay-type":"","overlay-color":"","overlay-opacity":"","overlay-gradient":""}},"ast-content-background-meta":{"desktop":{"background-color":"var(--ast-global-color-4)","background-image":"","background-repeat":"repeat","background-position":"center center","background-size":"auto","background-attachment":"scroll","background-type":"","background-media":"","overlay-type":"","overlay-color":"","overlay-opacity":"","overlay-gradient":""},"tablet":{"background-color":"var(--ast-global-color-4)","background-image":"","background-repeat":"repeat","background-position":"center center","background-size":"auto","background-attachment":"scroll","background-type":"","background-media":"","overlay-type":"","overlay-color":"","overlay-opacity":"","overlay-gradient":""},"mobile":{"background-color":"var(--ast-global-color-4)","background-image":"","background-repeat":"repeat","background-position":"center center","background-size":"auto","background-attachment":"scroll","background-type":"","background-media":"","overlay-type":"","overlay-color":"","overlay-opacity":"","overlay-gradient":""}},"footnotes":""},"class_list":["post-1432","page","type-page","status-publish","hentry"],"uagb_featured_image_src":{"full":false,"thumbnail":false,"medium":false,"medium_large":false,"large":false,"1536x1536":false,"2048x2048":false},"uagb_author_info":{"display_name":"Admin","author_link":"https:\/\/afea.fr\/news\/author\/yanb\/"},"uagb_comment_info":0,"uagb_excerpt":"Listed by publication date on this website. For more, please click the button below.","jetpack_sharing_enabled":true,"_links":{"self":[{"href":"https:\/\/afea.fr\/news\/wp-json\/wp\/v2\/pages\/1432"}],"collection":[{"href":"https:\/\/afea.fr\/news\/wp-json\/wp\/v2\/pages"}],"about":[{"href":"https:\/\/afea.fr\/news\/wp-json\/wp\/v2\/types\/page"}],"author":[{"embeddable":true,"href":"https:\/\/afea.fr\/news\/wp-json\/wp\/v2\/users\/1"}],"replies":[{"embeddable":true,"href":"https:\/\/afea.fr\/news\/wp-json\/wp\/v2\/comments?post=1432"}],"version-history":[{"count":6,"href":"https:\/\/afea.fr\/news\/wp-json\/wp\/v2\/pages\/1432\/revisions"}],"predecessor-version":[{"id":1807,"href":"https:\/\/afea.fr\/news\/wp-json\/wp\/v2\/pages\/1432\/revisions\/1807"}],"wp:attachment":[{"href":"https:\/\/afea.fr\/news\/wp-json\/wp\/v2\/media?parent=1432"}],"curies":[{"name":"wp","href":"https:\/\/api.w.org\/{rel}","templated":true}]}}