{"id":1215,"date":"2020-08-19T07:13:26","date_gmt":"2020-08-19T07:13:26","guid":{"rendered":"http:\/\/localhost\/news\/our-produce\/"},"modified":"2024-09-27T15:00:00","modified_gmt":"2024-09-27T13:00:00","slug":"cfp","status":"publish","type":"page","link":"https:\/\/afea.fr\/news\/cfp\/","title":{"rendered":"CFP"},"content":{"rendered":"\n<p class=\"has-ast-global-color-5-color has-white-background-color has-text-color has-background has-link-color wp-elements-6b793345ba3685fcda289c04cab88a24\">Veuillez trouver ci-dessous les appels \u00e0 communications, du plus r\u00e9cent au plus ancien<\/p>\n\n\n\n<p class=\"has-ast-global-color-5-color has-white-background-color has-text-color has-background has-link-color wp-elements-6b793345ba3685fcda289c04cab88a24\">Veuillez trouver ci-dessous les appels \u00e0 communications, du plus r\u00e9cent au plus ancien<\/p>\n\n\n\n<p class=\"has-text-align-center\">Veuillez trouver ci-dessous les appels \u00e0 communications, du plus r\u00e9cent au plus ancien<\/p>\n\n\n\n<p><\/p>\n\n\n<ul class=\"has-dates has-excerpts wp-block-rss\"><li class='wp-block-rss__item'><div class='wp-block-rss__item-title'><a href='https:\/\/afea.fr\/news\/cfp\/afea-news-seminaire-capitalisme-et-education-18-03-neoliberalisation-de-leducation-et-fabriq-ue-des-territoires-10h-12h\/6104\/'>AFEA NEWS: S\u00e9minaire Capitalisme et \u00c9ducation | 18.03 \u2013 N\u00e9olib\u00e9ralisation de l\u2019\u00e9ducation et fabriq ue des territoires \u2013 10h-12h<\/a><\/div><time datetime=\"2026-03-13T15:54:47+01:00\" class=\"wp-block-rss__item-publish-date\">mars 13, 2026<\/time> <div class=\"wp-block-rss__item-excerpt\"><\/div><\/li><li class='wp-block-rss__item'><div class='wp-block-rss__item-title'><a href='https:\/\/afea.fr\/news\/cfp\/%E2%9C%A8-publication-un-siecle-davant-garde-essai-sur-le-theatre-etasunien\/5400\/'>\u2728 Publication: Un si\u00e8cle d\u2019avant-garde. Essai sur le th\u00e9\u00e2tre \u00e9tasunien<\/a><\/div><time datetime=\"2024-12-05T15:09:04+01:00\" class=\"wp-block-rss__item-publish-date\">d\u00e9cembre 5, 2024<\/time> <div class=\"wp-block-rss__item-excerpt\">Cher.e.s tou.te.s, Je suis heureuse de vous annoncer la publication de mon dernier ouvrage Un si\u00e8cle d\u2019avant-garde. Essai sur le [\u2026]<\/div><\/li><li class='wp-block-rss__item'><div class='wp-block-rss__item-title'><a href='https:\/\/afea.fr\/news\/cfp\/diffusion-dune-annonce\/5399\/'>Diffusion d\u2019une annonce<\/a><\/div><time datetime=\"2024-12-05T15:06:36+01:00\" class=\"wp-block-rss__item-publish-date\">d\u00e9cembre 5, 2024<\/time> <div class=\"wp-block-rss__item-excerpt\">[SEM] Fronti\u00e8res du Litt\u00e9raire, 19.11 | Dr. Eugenia Flyn, &quot;Australian Indigenous Literary Culture Within Global Contexts&quot; Dear colleagues, The Boundaries [\u2026]<\/div><\/li><li class='wp-block-rss__item'><div class='wp-block-rss__item-title'><a href='https:\/\/afea.fr\/news\/cfp\/afea-news-upcoming-deadline-convalescence-in-19th-and-20th-century-anglophone-literature\/5396\/'>AFEA NEWS: *UPCOMING DEADLINE* Convalescence in 19th- and 20th-century anglophone literature<\/a><\/div><time datetime=\"2024-12-05T15:05:59+01:00\" class=\"wp-block-rss__item-publish-date\">d\u00e9cembre 5, 2024<\/time> <div class=\"wp-block-rss__item-excerpt\">CFP-Convalescence-in-19th-and-20th-century-literature.pdf<\/div><\/li><li class='wp-block-rss__item'><div class='wp-block-rss__item-title'><a href='https:\/\/afea.fr\/news\/cfp\/afea-news-seminaire-capitalisme-et-education-30-janvier-2025-maison-de-la-recherche-sorbonne-universi-te\/5393\/'>AFEA NEWS: S\u00e9minaire Capitalisme et \u00e9ducation, 30 janvier 2025, Maison de la Recherche, Sorbonne Universi t\u00e9<\/a><\/div><time datetime=\"2024-12-05T15:05:14+01:00\" class=\"wp-block-rss__item-publish-date\">d\u00e9cembre 5, 2024<\/time> <div class=\"wp-block-rss__item-excerpt\"><\/div><\/li><li class='wp-block-rss__item'><div class='wp-block-rss__item-title'><a href='https:\/\/afea.fr\/news\/cfp\/cfp-california-as-the-epicenter-of-social-sciences-october-10-11-2025\/5349\/'>CFP \u2013 California as the Epicenter of Social Sciences \u2013 October 10-11, 2025<\/a><\/div><time datetime=\"2024-11-25T10:42:55+01:00\" class=\"wp-block-rss__item-publish-date\">novembre 25, 2024<\/time> <div class=\"wp-block-rss__item-excerpt\">California as the Epicenter of Social Sciences Date : October 10-11, 2025, Paris Organizing committee: Thibaut Cl\u00e9ment (HDEA, Sorbonne Universit\u00e9 [\u2026]<\/div><\/li><li class='wp-block-rss__item'><div class='wp-block-rss__item-title'><a href='https:\/\/afea.fr\/news\/seminar\/environmental-humanities-workshop-larca-umr-8225-auto-ethnographic-reflections-on-ecological-grief-thursday-28-nov-8pm-paris-time-teams\/5368\/'>Environmental Humanities Workshop\/ LARCA UMR 8225 \u2014 &#039;Auto-ethnographic reflections on ecological grief&#039; (Thursday 28 Nov., 8pm Paris time-TEAMS)<\/a><\/div><time datetime=\"2024-11-25T10:38:18+01:00\" class=\"wp-block-rss__item-publish-date\">novembre 25, 2024<\/time> <div class=\"wp-block-rss__item-excerpt\">Dear colleagues, This email is both a reminder of the upcoming LARCA Environmental Humanities seminar on \u2018Auto-ethnographic reflections on ecological [\u2026]<\/div><\/li><li class='wp-block-rss__item'><div class='wp-block-rss__item-title'><a href='https:\/\/afea.fr\/news\/cfp\/regards-sur-une-petite-planete-looking-at-a-small-planet-new-travel-narratives-in-the-postcolonial-atlantic-february-14-2025\/5361\/'>Regards sur une petite plan\u00e8te \/ Looking at a Small Planet: New Travel Narratives in the Postcolonial Atlantic \/ February 14, 2025<\/a><\/div><time datetime=\"2024-11-25T09:49:36+01:00\" class=\"wp-block-rss__item-publish-date\">novembre 25, 2024<\/time> <div class=\"wp-block-rss__item-excerpt\">Cette journ\u00e9e d\u2019\u00e9tude vise \u00e0 faire dialoguer chercheuses et chercheurs travaillant sur les r\u00e9cits de voyage produits dans l\u2019espace atlantique, [\u2026]<\/div><\/li><li class='wp-block-rss__item'><div class='wp-block-rss__item-title'><a href='https:\/\/afea.fr\/news\/publication\/de-linvisibilite-a-la-visibilite-visages-de-linconvenant\/5342\/'>De l&#039;invisibilit\u00e9 \u00e0 la visibilit\u00e9. Visage(s) de l\u2019inconvenant<\/a><\/div><time datetime=\"2024-11-19T08:40:42+01:00\" class=\"wp-block-rss__item-publish-date\">novembre 19, 2024<\/time> <div class=\"wp-block-rss__item-excerpt\">Ch\u00e8res et chers coll\u00e8gues, Nous avons le plaisir de vous annoncer la parution de l\u2019ouvrage : De l\u2019invisibilit\u00e9 \u00e0 la [\u2026]<\/div><\/li><li class='wp-block-rss__item'><div class='wp-block-rss__item-title'><a href='https:\/\/afea.fr\/news\/soutenance\/la-guerre-froide-vue-par-hollywood-berlin-au-prisme-des-rapports-sociaux-de-genre-1945-1961\/5339\/'>&quot;La Guerre Froide vue par Hollywood : Berlin au prisme des rapports sociaux de genre (1945-1961)&quot;<\/a><\/div><time datetime=\"2024-11-19T08:39:43+01:00\" class=\"wp-block-rss__item-publish-date\">novembre 19, 2024<\/time> <div class=\"wp-block-rss__item-excerpt\">Ch\u00e8res et chers coll\u00e8gues, J\u2019ai le plaisir de vous annoncer que Manon K\u00dcFFER soutiendra sa th\u00e8se intitul\u00e9e: &quot;La Guerre Froide [\u2026]<\/div><\/li><li class='wp-block-rss__item'><div class='wp-block-rss__item-title'><a href='https:\/\/afea.fr\/news\/cfp\/cfp-gender-and-neurodiversity-on-screen\/5336\/'>CFP &quot;Gender and neurodiversity on screen&quot;<\/a><\/div><time datetime=\"2024-11-19T08:39:15+01:00\" class=\"wp-block-rss__item-publish-date\">novembre 19, 2024<\/time> <div class=\"wp-block-rss__item-excerpt\">Dear colleagues, Please find attached the call for papers for special issue n\u00b0 20 of the French journal Genre en [\u2026]<\/div><\/li><li class='wp-block-rss__item'><div class='wp-block-rss__item-title'><a href='https:\/\/afea.fr\/news\/soutenance\/soutenance-de-caroline-hildebrandt-ens-de-lyon-vendredi-6-decembre-2024-14h\/5327\/'>Soutenance de Caroline Hildebrandt, ENS de Lyon, vendredi 6 d\u00e9cembre 2024, 14h<\/a><\/div><time datetime=\"2024-11-15T20:40:07+01:00\" class=\"wp-block-rss__item-publish-date\">novembre 15, 2024<\/time> <div class=\"wp-block-rss__item-excerpt\">Chers et ch\u00e8res coll\u00e8gues, Je soutiendrai ma th\u00e8se de doctorat intitul\u00e9e \u00ab Du Confidence-Man \u00e0 Clarel : s\u00e9cularisation et d\u00e9mythologisation [\u2026]<\/div><\/li><\/ul>\n\n\n<div class=\"wp-block-uagb-buttons uagb-buttons__outer-wrap uagb-btn__default-btn uagb-btn-tablet__default-btn uagb-btn-mobile__default-btn uagb-block-1fa018d5\"><div class=\"uagb-buttons__wrap uagb-buttons-layout-wrap \">\n<div class=\"wp-block-uagb-buttons-child uagb-buttons__outer-wrap uagb-block-4b41dfb0 wp-block-button\"><div class=\"uagb-button__wrapper\"><a class=\"uagb-buttons-repeater wp-block-button__link\" aria-label=\"\" href=\"https:\/\/afea.fr\/news\/category\/cfp\/\" rel=\"follow noopener\" target=\"_self\" role=\"button\"><div class=\"uagb-button__link\">More<\/div><\/a><\/div><\/div>\n<\/div><\/div>\n\n\n\n<p><\/p>\n","protected":false},"excerpt":{"rendered":"<p>Veuillez trouver ci-dessous les appels \u00e0 communications, du plus r\u00e9cent au plus ancien Veuillez trouver ci-dessous les appels \u00e0 communications, [&hellip;]<\/p>\n","protected":false},"author":1,"featured_media":0,"parent":0,"menu_order":0,"comment_status":"closed","ping_status":"closed","template":"","meta":{"_uag_custom_page_level_css":"","site-sidebar-layout":"default","site-content-layout":"plain-container","ast-site-content-layout":"normal-width-container","site-content-style":"unboxed","site-sidebar-style":"unboxed","ast-global-header-display":"","ast-banner-title-visibility":"","ast-main-header-display":"","ast-hfb-above-header-display":"","ast-hfb-below-header-display":"","ast-hfb-mobile-header-display":"","site-post-title":"disabled","ast-breadcrumbs-content":"","ast-featured-img":"","footer-sml-layout":"","ast-disable-related-posts":"","theme-transparent-header-meta":"enabled","adv-header-id-meta":"","stick-header-meta":"","header-above-stick-meta":"","header-main-stick-meta":"","header-below-stick-meta":"","astra-migrate-meta-layouts":"set","ast-page-background-enabled":"default","ast-page-background-meta":{"desktop":{"background-color":"var(--ast-global-color-5)","background-image":"","background-repeat":"repeat","background-position":"center center","background-size":"auto","background-attachment":"scroll","background-type":"","background-media":"","overlay-type":"","overlay-color":"","overlay-opacity":"","overlay-gradient":""},"tablet":{"background-color":"","background-image":"","background-repeat":"repeat","background-position":"center center","background-size":"auto","background-attachment":"scroll","background-type":"","background-media":"","overlay-type":"","overlay-color":"","overlay-opacity":"","overlay-gradient":""},"mobile":{"background-color":"","background-image":"","background-repeat":"repeat","background-position":"center center","background-size":"auto","background-attachment":"scroll","background-type":"","background-media":"","overlay-type":"","overlay-color":"","overlay-opacity":"","overlay-gradient":""}},"ast-content-background-meta":{"desktop":{"background-color":"var(--ast-global-color-4)","background-image":"","background-repeat":"repeat","background-position":"center center","background-size":"auto","background-attachment":"scroll","background-type":"","background-media":"","overlay-type":"","overlay-color":"","overlay-opacity":"","overlay-gradient":""},"tablet":{"background-color":"var(--ast-global-color-4)","background-image":"","background-repeat":"repeat","background-position":"center center","background-size":"auto","background-attachment":"scroll","background-type":"","background-media":"","overlay-type":"","overlay-color":"","overlay-opacity":"","overlay-gradient":""},"mobile":{"background-color":"var(--ast-global-color-4)","background-image":"","background-repeat":"repeat","background-position":"center center","background-size":"auto","background-attachment":"scroll","background-type":"","background-media":"","overlay-type":"","overlay-color":"","overlay-opacity":"","overlay-gradient":""}},"footnotes":""},"class_list":["post-1215","page","type-page","status-publish","hentry"],"uagb_featured_image_src":{"full":false,"thumbnail":false,"medium":false,"medium_large":false,"large":false,"1536x1536":false,"2048x2048":false},"uagb_author_info":{"display_name":"Admin","author_link":"https:\/\/afea.fr\/news\/author\/yanb\/"},"uagb_comment_info":0,"uagb_excerpt":"Veuillez trouver ci-dessous les appels \u00e0 communications, du plus r\u00e9cent au plus ancien Veuillez trouver ci-dessous les appels \u00e0 communications, [&hellip;]","jetpack_sharing_enabled":true,"_links":{"self":[{"href":"https:\/\/afea.fr\/news\/wp-json\/wp\/v2\/pages\/1215"}],"collection":[{"href":"https:\/\/afea.fr\/news\/wp-json\/wp\/v2\/pages"}],"about":[{"href":"https:\/\/afea.fr\/news\/wp-json\/wp\/v2\/types\/page"}],"author":[{"embeddable":true,"href":"https:\/\/afea.fr\/news\/wp-json\/wp\/v2\/users\/1"}],"replies":[{"embeddable":true,"href":"https:\/\/afea.fr\/news\/wp-json\/wp\/v2\/comments?post=1215"}],"version-history":[{"count":23,"href":"https:\/\/afea.fr\/news\/wp-json\/wp\/v2\/pages\/1215\/revisions"}],"predecessor-version":[{"id":5151,"href":"https:\/\/afea.fr\/news\/wp-json\/wp\/v2\/pages\/1215\/revisions\/5151"}],"wp:attachment":[{"href":"https:\/\/afea.fr\/news\/wp-json\/wp\/v2\/media?parent=1215"}],"curies":[{"name":"wp","href":"https:\/\/api.w.org\/{rel}","templated":true}]}}