{"id":78,"date":"2023-01-24T09:41:24","date_gmt":"2023-01-24T09:41:24","guid":{"rendered":"https:\/\/afea.fr\/dijon2023\/?page_id=78"},"modified":"2023-02-27T08:24:20","modified_gmt":"2023-02-27T08:24:20","slug":"organizers","status":"publish","type":"page","link":"https:\/\/afea.fr\/dijon2023\/organizers\/","title":{"rendered":"Organizers"},"content":{"rendered":"\n<p><strong>Organizing committee <\/strong><br><em>Universit\u00e9 de Bourgogne, laboratoire TIL Centre Interlangues EA 4182<\/em><br>Candice LEMAIRE<br>David BOUSQUET<br>Marine PAQUEREAU<br>Shannon WELLS-LASSAGNE<br>M\u00e9lanie JOSEPH-VILAIN<br>Mark NIEMEYER<br>Elaine ANDERSON<br>Indiana LODS<br>Myriam SEGURA PINEIRO<\/p>\n\n\n\n<p><strong>Scientific committee&nbsp;<\/strong><br>Ana\u00efs LE FEVRE-BERTHELOT (Universit\u00e9 de Rennes 2)<br>Antonia RIGAUD (Universit\u00e9 Sorbonne Nouvelle)<br>Aliette VENTEJOUX (Universit\u00e9 de Saint-Etienne)<\/p>\n\n\n\n<p><strong>Sponsors<\/strong><br><em>The organizing committee would like to acknowledge and thank the following institutions for their support:<\/em><br>Association Fran\u00e7aise d&#8217;Etudes Am\u00e9ricaines<br>Ambassade des \u00c9tats-Unis en France<br>Institut des Am\u00e9riques<br>Conseil R\u00e9gional de Bourgogne Franche-Comt\u00e9<br>Mairie de Dijon<br>Universit\u00e9 de Bourgogne<br>Centre Interlangues TIL (EA 4182)<br>UFR Langues et Communication<br>UFR Sciences de Sant\u00e9<br>Alliance FORTHEM<\/p>\n","protected":false},"excerpt":{"rendered":"<p>Organizing committee Universit\u00e9 de Bourgogne, laboratoire TIL Centre Interlangues EA 4182Candice LEMAIREDavid BOUSQUETMarine PAQUEREAUShannon WELLS-LASSAGNEM\u00e9lanie JOSEPH-VILAINMark NIEMEYERElaine ANDERSONIndiana LODSMyriam SEGURA PINEIRO Scientific committee&nbsp;Ana\u00efs LE FEVRE-BERTHELOT (Universit\u00e9 de Rennes 2)Antonia RIGAUD (Universit\u00e9 Sorbonne Nouvelle)Aliette VENTEJOUX (Universit\u00e9 de Saint-Etienne) SponsorsThe organizing committee would like to acknowledge and thank the following institutions for their support:Association Fran\u00e7aise d&#8217;Etudes Am\u00e9ricainesAmbassade [&hellip;]<\/p>\n","protected":false},"author":321,"featured_media":0,"parent":0,"menu_order":6,"comment_status":"closed","ping_status":"closed","template":"","meta":{"_uag_custom_page_level_css":"","footnotes":""},"class_list":["post-78","page","type-page","status-publish","hentry"],"uagb_featured_image_src":{"full":false,"thumbnail":false,"medium":false,"medium_large":false,"large":false,"1536x1536":false,"2048x2048":false},"uagb_author_info":{"display_name":"bosquet","author_link":"https:\/\/afea.fr\/dijon2023\/author\/bosquet\/"},"uagb_comment_info":0,"uagb_excerpt":"Organizing committee Universit\u00e9 de Bourgogne, laboratoire TIL Centre Interlangues EA 4182Candice LEMAIREDavid BOUSQUETMarine PAQUEREAUShannon WELLS-LASSAGNEM\u00e9lanie JOSEPH-VILAINMark NIEMEYERElaine ANDERSONIndiana LODSMyriam SEGURA PINEIRO Scientific committee&nbsp;Ana\u00efs LE FEVRE-BERTHELOT (Universit\u00e9 de Rennes 2)Antonia RIGAUD (Universit\u00e9 Sorbonne Nouvelle)Aliette VENTEJOUX (Universit\u00e9 de Saint-Etienne) SponsorsThe organizing committee would like to acknowledge and thank the following institutions for their support:Association Fran\u00e7aise d&#8217;Etudes Am\u00e9ricainesAmbassade&hellip;","_links":{"self":[{"href":"https:\/\/afea.fr\/dijon2023\/wp-json\/wp\/v2\/pages\/78"}],"collection":[{"href":"https:\/\/afea.fr\/dijon2023\/wp-json\/wp\/v2\/pages"}],"about":[{"href":"https:\/\/afea.fr\/dijon2023\/wp-json\/wp\/v2\/types\/page"}],"author":[{"embeddable":true,"href":"https:\/\/afea.fr\/dijon2023\/wp-json\/wp\/v2\/users\/321"}],"replies":[{"embeddable":true,"href":"https:\/\/afea.fr\/dijon2023\/wp-json\/wp\/v2\/comments?post=78"}],"version-history":[{"count":11,"href":"https:\/\/afea.fr\/dijon2023\/wp-json\/wp\/v2\/pages\/78\/revisions"}],"predecessor-version":[{"id":231,"href":"https:\/\/afea.fr\/dijon2023\/wp-json\/wp\/v2\/pages\/78\/revisions\/231"}],"wp:attachment":[{"href":"https:\/\/afea.fr\/dijon2023\/wp-json\/wp\/v2\/media?parent=78"}],"curies":[{"name":"wp","href":"https:\/\/api.w.org\/{rel}","templated":true}]}}