{"id":44,"date":"2023-01-16T15:01:37","date_gmt":"2023-01-16T15:01:37","guid":{"rendered":"https:\/\/afea.fr\/dijon2023\/?page_id=44"},"modified":"2023-04-25T15:41:28","modified_gmt":"2023-04-25T15:41:28","slug":"practical-information","status":"publish","type":"page","link":"https:\/\/afea.fr\/dijon2023\/practical-information\/","title":{"rendered":"Practical Information"},"content":{"rendered":"\n<p><strong><u>R\u00e9ception \u00e0 l\u2019H\u00f4tel de Ville de Dijon (Salle de Flore), mercredi 24 mai 2023, 18h30-20h30<\/u><\/strong><br>L\u2019acc\u00e8s \u00e0 la Salle de Flore (1<sup>er<\/sup> \u00e9tage) se fait par la Cour de Flore, depuis la rue de la Libert\u00e9\u00a0: un fl\u00e9chage et un guidage seront pr\u00e9vus depuis l\u2019arr\u00eat de tram \u00ab\u00a0Darcy\u00a0\u00bb (T1 Divia). <strong>L\u2019entr\u00e9e des congressistes se fait sur pr\u00e9sentation de votre badge nominatif\/tour de cou remis lors de votre arriv\u00e9e au congr\u00e8s.<\/strong><\/p>\n\n\n\n<p><strong><u>Banquet du Congr\u00e8s (sur inscription uniquement)\u00a0: jeudi 25 mai 2023, 19h-22h au Cellier de Clairvaux (salle basse &#8211; 27 boulevard de la Tr\u00e9mouille, 21000 Dijon).<\/u><\/strong><br><strong>Acc\u00e8s \u00e0 pied depuis les arr\u00eats de tram T1 \u00ab\u00a0R\u00e9publique\u00a0\u00bb ou \u00ab\u00a0Godrans\u00a0\u00bb : un fl\u00e9chage et un guidage seront assur\u00e9s pour les congressistes depuis ces arr\u00eats de tramway. L\u2019entr\u00e9e des invit\u00e9s se fera sur pr\u00e9sentation de la contremarque \u00ab\u00a0Diner du 25 mai\u00a0\u00bb<\/strong> (qui se trouve dans votre totebag remis \u00e0 votre arriv\u00e9e au congr\u00e8s). L\u2019entr\u00e9e de la salle basse se situe au bas d\u2019une s\u00e9rie de marches, \u00e0 droite (cette entr\u00e9e n\u2019est pas un acc\u00e8s PMR).<\/p>\n\n\n\n<div style=\"height:30px\" aria-hidden=\"true\" class=\"wp-block-spacer\"><\/div>\n\n\n\n<div data-wp-interactive=\"core\/file\" class=\"wp-block-file\"><object data-wp-bind--hidden=\"!state.hasPdfPreview\"  class=\"wp-block-file__embed\" data=\"https:\/\/afea.fr\/dijon2023\/wp-content\/uploads\/sites\/7\/2023\/01\/Fiche-Pratique-AFEA-2023.pdf\" type=\"application\/pdf\" style=\"width:100%;height:600px\" aria-label=\"Embed of Fiche-Pratique-AFEA-2023.\"><\/object><a id=\"wp-block-file--media-63467ae3-6dfe-4da6-b558-a7d0d694e5a1\" href=\"https:\/\/afea.fr\/dijon2023\/wp-content\/uploads\/sites\/7\/2023\/01\/Fiche-Pratique-AFEA-2023.pdf\">Fiche-Pratique-AFEA-2023<\/a><a href=\"https:\/\/afea.fr\/dijon2023\/wp-content\/uploads\/sites\/7\/2023\/01\/Fiche-Pratique-AFEA-2023.pdf\" class=\"wp-block-file__button wp-element-button\" download aria-describedby=\"wp-block-file--media-63467ae3-6dfe-4da6-b558-a7d0d694e5a1\">Download PDF<\/a><\/div>\n\n\n\n<div style=\"height:30px\" aria-hidden=\"true\" class=\"wp-block-spacer\"><\/div>\n\n\n\n<div data-wp-interactive=\"core\/file\" class=\"wp-block-file\"><object data-wp-bind--hidden=\"!state.hasPdfPreview\"  class=\"wp-block-file__embed\" data=\"https:\/\/afea.fr\/dijon2023\/wp-content\/uploads\/sites\/7\/2023\/02\/Salles-Congres-AFEA.pdf\" type=\"application\/pdf\" style=\"width:100%;height:600px\" aria-label=\"Embed of Salles-Congres-AFEA.\"><\/object><a id=\"wp-block-file--media-03df2b26-3933-420f-bdf4-3ecff93d9cc7\" href=\"https:\/\/afea.fr\/dijon2023\/wp-content\/uploads\/sites\/7\/2023\/02\/Salles-Congres-AFEA.pdf\">Salles-Congres-AFEA<\/a><a href=\"https:\/\/afea.fr\/dijon2023\/wp-content\/uploads\/sites\/7\/2023\/02\/Salles-Congres-AFEA.pdf\" class=\"wp-block-file__button wp-element-button\" download aria-describedby=\"wp-block-file--media-03df2b26-3933-420f-bdf4-3ecff93d9cc7\">Download<\/a><\/div>\n\n\n\n<div style=\"height:30px\" aria-hidden=\"true\" class=\"wp-block-spacer\"><\/div>\n\n\n\n<div data-wp-interactive=\"core\/file\" class=\"wp-block-file\"><object data-wp-bind--hidden=\"!state.hasPdfPreview\"  class=\"wp-block-file__embed\" data=\"https:\/\/afea.fr\/dijon2023\/wp-content\/uploads\/sites\/7\/2023\/01\/Brochure-AFEA-2023-v2.pdf\" type=\"application\/pdf\" style=\"width:100%;height:600px\" aria-label=\"Embed of Brochure-AFEA-2023.\"><\/object><a id=\"wp-block-file--media-bee01a45-9452-4db9-a034-2507694ca001\" href=\"https:\/\/afea.fr\/dijon2023\/wp-content\/uploads\/sites\/7\/2023\/01\/Brochure-AFEA-2023-v2.pdf\">Brochure-AFEA-2023<\/a><a href=\"https:\/\/afea.fr\/dijon2023\/wp-content\/uploads\/sites\/7\/2023\/01\/Brochure-AFEA-2023-v2.pdf\" class=\"wp-block-file__button wp-element-button\" download aria-describedby=\"wp-block-file--media-bee01a45-9452-4db9-a034-2507694ca001\">Download PDF<\/a><\/div>\n","protected":false},"excerpt":{"rendered":"<p>R\u00e9ception \u00e0 l\u2019H\u00f4tel de Ville de Dijon (Salle de Flore), mercredi 24 mai 2023, 18h30-20h30L\u2019acc\u00e8s \u00e0 la Salle de Flore (1er \u00e9tage) se fait par la Cour de Flore, depuis la rue de la Libert\u00e9\u00a0: un fl\u00e9chage et un guidage seront pr\u00e9vus depuis l\u2019arr\u00eat de tram \u00ab\u00a0Darcy\u00a0\u00bb (T1 Divia). L\u2019entr\u00e9e des congressistes se fait sur [&hellip;]<\/p>\n","protected":false},"author":321,"featured_media":0,"parent":0,"menu_order":2,"comment_status":"closed","ping_status":"closed","template":"","meta":{"_uag_custom_page_level_css":"","footnotes":""},"class_list":["post-44","page","type-page","status-publish","hentry"],"uagb_featured_image_src":{"full":false,"thumbnail":false,"medium":false,"medium_large":false,"large":false,"1536x1536":false,"2048x2048":false},"uagb_author_info":{"display_name":"bosquet","author_link":"https:\/\/afea.fr\/dijon2023\/author\/bosquet\/"},"uagb_comment_info":0,"uagb_excerpt":"R\u00e9ception \u00e0 l\u2019H\u00f4tel de Ville de Dijon (Salle de Flore), mercredi 24 mai 2023, 18h30-20h30L\u2019acc\u00e8s \u00e0 la Salle de Flore (1er \u00e9tage) se fait par la Cour de Flore, depuis la rue de la Libert\u00e9\u00a0: un fl\u00e9chage et un guidage seront pr\u00e9vus depuis l\u2019arr\u00eat de tram \u00ab\u00a0Darcy\u00a0\u00bb (T1 Divia). L\u2019entr\u00e9e des congressistes se fait sur&hellip;","_links":{"self":[{"href":"https:\/\/afea.fr\/dijon2023\/wp-json\/wp\/v2\/pages\/44"}],"collection":[{"href":"https:\/\/afea.fr\/dijon2023\/wp-json\/wp\/v2\/pages"}],"about":[{"href":"https:\/\/afea.fr\/dijon2023\/wp-json\/wp\/v2\/types\/page"}],"author":[{"embeddable":true,"href":"https:\/\/afea.fr\/dijon2023\/wp-json\/wp\/v2\/users\/321"}],"replies":[{"embeddable":true,"href":"https:\/\/afea.fr\/dijon2023\/wp-json\/wp\/v2\/comments?post=44"}],"version-history":[{"count":8,"href":"https:\/\/afea.fr\/dijon2023\/wp-json\/wp\/v2\/pages\/44\/revisions"}],"predecessor-version":[{"id":260,"href":"https:\/\/afea.fr\/dijon2023\/wp-json\/wp\/v2\/pages\/44\/revisions\/260"}],"wp:attachment":[{"href":"https:\/\/afea.fr\/dijon2023\/wp-json\/wp\/v2\/media?parent=44"}],"curies":[{"name":"wp","href":"https:\/\/api.w.org\/{rel}","templated":true}]}}