{"id":44,"date":"2026-03-04T11:13:44","date_gmt":"2026-03-04T11:13:44","guid":{"rendered":"https:\/\/afea.fr\/caen2026\/?page_id=44"},"modified":"2026-03-04T21:33:01","modified_gmt":"2026-03-04T21:33:01","slug":"home","status":"publish","type":"page","link":"https:\/\/afea.fr\/caen2026\/","title":{"rendered":"Home"},"content":{"rendered":"\n<div class=\"wp-block-uagb-container uagb-block-be7960b1 alignfull uagb-is-root-container\"><div class=\"uagb-container-inner-blocks-wrap\">\n<div class=\"wp-block-uagb-container uagb-block-b9d952e0\">\n<figure class=\"wp-block-image\"><img loading=\"lazy\" decoding=\"async\" width=\"1754\" height=\"2480\" src=\"https:\/\/afea.fr\/caen2026\/wp-content\/uploads\/sites\/12\/2026\/03\/the-_making_of_americans_affiche-4.jpg\" alt=\"\" class=\"wp-image-62\" srcset=\"https:\/\/afea.fr\/caen2026\/wp-content\/uploads\/sites\/12\/2026\/03\/the-_making_of_americans_affiche-4.jpg 1754w, https:\/\/afea.fr\/caen2026\/wp-content\/uploads\/sites\/12\/2026\/03\/the-_making_of_americans_affiche-4-212x300.jpg 212w, https:\/\/afea.fr\/caen2026\/wp-content\/uploads\/sites\/12\/2026\/03\/the-_making_of_americans_affiche-4-724x1024.jpg 724w, https:\/\/afea.fr\/caen2026\/wp-content\/uploads\/sites\/12\/2026\/03\/the-_making_of_americans_affiche-4-768x1086.jpg 768w, https:\/\/afea.fr\/caen2026\/wp-content\/uploads\/sites\/12\/2026\/03\/the-_making_of_americans_affiche-4-1086x1536.jpg 1086w, https:\/\/afea.fr\/caen2026\/wp-content\/uploads\/sites\/12\/2026\/03\/the-_making_of_americans_affiche-4-1448x2048.jpg 1448w\" sizes=\"(max-width: 1754px) 100vw, 1754px\" \/><\/figure>\n<\/div>\n\n\n\n<div class=\"wp-block-uagb-container uagb-block-68cf1919\">\n<div style=\"max-width:1060px;margin:0 auto;padding:2rem 1rem\">\n\n  <div>\n\n      <h2 style=\"font-size:1.65rem;font-weight:700;color:#1e3a5f;line-height:1.35;margin:0 0 .3rem;text-align:center\">Welcome to the 57th AFEA Conference<\/h2>\n      <h2 style=\"font-size:1.55rem;font-weight:400;color:#1e3a5f;line-height:1.35;margin:0 0 2rem;text-align:center\">Bienvenue au 57e Congr\u00e8s de l&#8217;AFEA<\/h2>\n\n      <p style=\"font-size:1rem;color:#3a4a5a;line-height:1.75;margin:0 0 1.5rem;text-align:center\">\n        The 57th conference of the French Association for American Studies (AFEA) will be held on <strong style=\"color:#1e3a5f\">May 26\u201329, 2026<\/strong>, at the Universit\u00e9 de Caen Normandie (Campus 1, Esplanade de la Paix, 14000 Caen).\n      <\/p>\n\n      <p style=\"font-size:1rem;color:#3a4a5a;line-height:1.75;margin:0 0 2rem;text-align:center\">\n        Le 57e congr\u00e8s de l&#8217;Association Fran\u00e7aise d&#8217;\u00c9tudes Am\u00e9ricaines (AFEA) se tiendra du <strong style=\"color:#c0392b\">26 au 29 mai 2026<\/strong> \u00e0 l&#8217;Universit\u00e9 de Caen Normandie (Campus 1, Esplanade de la Paix, 14000 Caen).\n      <\/p>\n\n      <div style=\"border-top:1px solid #e0e6ed;border-bottom:1px solid #e0e6ed;padding:1.2rem 0;margin:0 0 2rem;text-align:center\">\n        <p style=\"font-size:1rem;color:#1e3a5f;margin:0 0 .3rem\"><strong>Theme \/ Th\u00e8me :<\/strong><\/p>\n        <p style=\"font-size:1.05rem;color:#3a4a5a;margin:0 0 .4rem;font-style:italic\">The Making of Americans \/ La fabrique des Am\u00e9ricains<\/p>\n        <p style=\"font-size:.95rem;color:#5a6a7a;margin:0\">250 Years of Experience and Experiment \/ 250 ans d&#8217;exp\u00e9riences et d&#8217;exp\u00e9rimentations<\/p>\n      <\/div>\n\n      <p style=\"text-align:center;font-size:1rem;color:#3a4a5a;margin:0\">\n        Contact : <a href=\"mailto:lve.congres.afea.caen26@unicaen.fr\" style=\"color:#1e3a5f;font-weight:600;text-decoration:none;border-bottom:2px solid #c0392b\">lve.congres.afea.caen26@unicaen.fr<\/a>\n      <\/p>\n\n  <\/div>\n\n<\/div>\n<\/div>\n<\/div><\/div>\n\n\n\n<p><\/p>\n","protected":false},"excerpt":{"rendered":"<p>Welcome to the 57th AFEA Conference Bienvenue au 57e Congr\u00e8s de l&#8217;AFEA The 57th conference of the French Association for [&hellip;]<\/p>\n","protected":false},"author":401,"featured_media":0,"parent":0,"menu_order":0,"comment_status":"closed","ping_status":"closed","template":"","meta":{"_uag_custom_page_level_css":"","site-sidebar-layout":"default","site-content-layout":"","ast-site-content-layout":"default","site-content-style":"default","site-sidebar-style":"default","ast-global-header-display":"","ast-banner-title-visibility":"","ast-main-header-display":"","ast-hfb-above-header-display":"","ast-hfb-below-header-display":"","ast-hfb-mobile-header-display":"","site-post-title":"disabled","ast-breadcrumbs-content":"","ast-featured-img":"","footer-sml-layout":"","ast-disable-related-posts":"","theme-transparent-header-meta":"","adv-header-id-meta":"","stick-header-meta":"","header-above-stick-meta":"","header-main-stick-meta":"","header-below-stick-meta":"","astra-migrate-meta-layouts":"default","ast-page-background-enabled":"default","ast-page-background-meta":{"desktop":{"background-color":"var(--ast-global-color-5)","background-image":"","background-repeat":"repeat","background-position":"center center","background-size":"auto","background-attachment":"scroll","background-type":"","background-media":"","overlay-type":"","overlay-color":"","overlay-opacity":"","overlay-gradient":""},"tablet":{"background-color":"","background-image":"","background-repeat":"repeat","background-position":"center center","background-size":"auto","background-attachment":"scroll","background-type":"","background-media":"","overlay-type":"","overlay-color":"","overlay-opacity":"","overlay-gradient":""},"mobile":{"background-color":"","background-image":"","background-repeat":"repeat","background-position":"center center","background-size":"auto","background-attachment":"scroll","background-type":"","background-media":"","overlay-type":"","overlay-color":"","overlay-opacity":"","overlay-gradient":""}},"ast-content-background-meta":{"desktop":{"background-color":"var(--ast-global-color-4)","background-image":"","background-repeat":"repeat","background-position":"center center","background-size":"auto","background-attachment":"scroll","background-type":"","background-media":"","overlay-type":"","overlay-color":"","overlay-opacity":"","overlay-gradient":""},"tablet":{"background-color":"var(--ast-global-color-4)","background-image":"","background-repeat":"repeat","background-position":"center center","background-size":"auto","background-attachment":"scroll","background-type":"","background-media":"","overlay-type":"","overlay-color":"","overlay-opacity":"","overlay-gradient":""},"mobile":{"background-color":"var(--ast-global-color-4)","background-image":"","background-repeat":"repeat","background-position":"center center","background-size":"auto","background-attachment":"scroll","background-type":"","background-media":"","overlay-type":"","overlay-color":"","overlay-opacity":"","overlay-gradient":""}},"footnotes":""},"class_list":["post-44","page","type-page","status-publish","hentry"],"uagb_featured_image_src":{"full":false,"thumbnail":false,"medium":false,"medium_large":false,"large":false,"1536x1536":false,"2048x2048":false},"uagb_author_info":{"display_name":"S\u00e9bastien Mignot","author_link":"https:\/\/afea.fr\/caen2026\/author\/sebastienmignot\/"},"uagb_comment_info":0,"uagb_excerpt":"Welcome to the 57th AFEA Conference Bienvenue au 57e Congr\u00e8s de l&#8217;AFEA The 57th conference of the French Association for [&hellip;]","_links":{"self":[{"href":"https:\/\/afea.fr\/caen2026\/wp-json\/wp\/v2\/pages\/44"}],"collection":[{"href":"https:\/\/afea.fr\/caen2026\/wp-json\/wp\/v2\/pages"}],"about":[{"href":"https:\/\/afea.fr\/caen2026\/wp-json\/wp\/v2\/types\/page"}],"author":[{"embeddable":true,"href":"https:\/\/afea.fr\/caen2026\/wp-json\/wp\/v2\/users\/401"}],"replies":[{"embeddable":true,"href":"https:\/\/afea.fr\/caen2026\/wp-json\/wp\/v2\/comments?post=44"}],"version-history":[{"count":8,"href":"https:\/\/afea.fr\/caen2026\/wp-json\/wp\/v2\/pages\/44\/revisions"}],"predecessor-version":[{"id":74,"href":"https:\/\/afea.fr\/caen2026\/wp-json\/wp\/v2\/pages\/44\/revisions\/74"}],"wp:attachment":[{"href":"https:\/\/afea.fr\/caen2026\/wp-json\/wp\/v2\/media?parent=44"}],"curies":[{"name":"wp","href":"https:\/\/api.w.org\/{rel}","templated":true}]}}