{"id":20,"date":"2025-11-27T14:48:24","date_gmt":"2025-11-27T14:48:24","guid":{"rendered":"https:\/\/afea.fr\/caen2026\/?page_id=20"},"modified":"2026-03-30T08:50:42","modified_gmt":"2026-03-30T08:50:42","slug":"organizers","status":"publish","type":"page","link":"https:\/\/afea.fr\/caen2026\/organizers\/","title":{"rendered":"Organizers"},"content":{"rendered":"\n<div style=\"max-width: 900px;margin: 0 auto;padding: 20px 15px;font-family: Georgia, 'Times New Roman', serif;color: #2c2c2c\">\n\n  <!-- Titre de page -->\n  <h1 style=\"font-family: Georgia, 'Times New Roman', serif;font-size: 1.85em;font-weight: normal;text-align: center;text-transform: uppercase;letter-spacing: 0.04em;color: #1a1a1a;margin-bottom: 12px\">Organizing Committee<\/h1>\n  <div style=\"width: 60px;height: 2px;background-color: #8b1a1a;margin: 0 auto 50px auto\"><\/div>\n\n  <!-- Christine Lorre -->\n  <div style=\"overflow: hidden;margin-bottom: 50px\">\n    <div style=\"float: left;margin: 0 30px 10px 0\">\n      <img decoding=\"async\" src=\"http:\/\/afea.fr\/caen2026\/wp-content\/uploads\/sites\/12\/2026\/03\/Christine.jpg\" alt=\"Christine Lorre\" style=\"width: 220px;height: 280px;object-fit: cover\" \/>\n      <p style=\"font-family: Georgia, 'Times New Roman', serif;font-size: 0.72em;color: #999;margin: 6px 0 0 0;text-align: center\">\u00a9 Juan Ignacio Oliva Cruz<\/p>\n    <\/div>\n    <h2 style=\"font-family: Georgia, 'Times New Roman', serif;font-size: 1.55em;font-weight: normal;color: #1a1a1a;margin: 0 0 6px 0\">Christine Lorre<\/h2>\n    <p style=\"font-family: Georgia, 'Times New Roman', serif;font-size: 0.88em;color: #666;font-style: italic;margin: 0 0 18px 0\">Professeure, Universit\u00e9 de Caen Normandie \u2014 ERIBIA<\/p>\n    <p style=\"font-family: Georgia, 'Times New Roman', serif;font-size: 0.92em;color: #2c2c2c;text-align: justify;line-height: 1.65;margin: 0 0 12px 0\">Christine Lorre est Professeure \u00e0 l&#8217;Universit\u00e9 de Caen Normandie o\u00f9 elle enseigne la litt\u00e9rature et la culture visuelle des \u00c9tats-Unis. Ses recherches portent principalement sur la litt\u00e9rature postcoloniale anglophone. Sa derni\u00e8re publication est un num\u00e9ro de <em>Short Fiction in Theory &amp; Practice<\/em> sur \u00ab <em>Materiality in Alice Munro&#8217;s Short Fiction<\/em> \u00bb (2026, dirig\u00e9 avec Corinne Bigot). Elle est pr\u00e9sidente de la SEPC (Soci\u00e9t\u00e9 fran\u00e7aise d&#8217;\u00e9tudes postcoloniales) et d&#8217;EACLALS (European Association for Commonwealth Literature and Language Studies). Elle a organis\u00e9 le colloque EACLALS 2023 \u00e0 la Sorbonne Nouvelle sur le th\u00e8me \u00ab <em>Imagining Environmental Justice in a Postcolonial World<\/em> \u00bb.<\/p>\n  <\/div>\n\n  <!-- S\u00e9parateur -->\n  <hr style=\"border: none;border-top: 1px solid #e0e0e0;margin: 0 0 50px 0\" \/>\n\n  <!-- Linda Garbaye -->\n  <div style=\"overflow: hidden;margin-bottom: 50px\">\n    <h2 style=\"font-family: Georgia, 'Times New Roman', serif;font-size: 1.55em;font-weight: normal;color: #1a1a1a;margin: 0 0 6px 0\">Linda Garbaye<\/h2>\n    <p style=\"font-family: Georgia, 'Times New Roman', serif;font-size: 0.88em;color: #666;font-style: italic;margin: 0 0 18px 0\">Professeur des Universit\u00e9s, Universit\u00e9 de Caen Normandie \u2014 ERIBIA<\/p>\n    <p style=\"font-family: Georgia, 'Times New Roman', serif;font-size: 0.92em;color: #2c2c2c;text-align: justify;line-height: 1.65;margin: 0 0 12px 0\">Linda Garbaye est Professeur des Universit\u00e9s en civilisation et histoire am\u00e9ricaine \u00e0 l&#8217;Universit\u00e9 de Caen Normandie. Elle est rattach\u00e9e au laboratoire ERIBIA (\u00c9quipe de Recherche Interdisciplinaire sur la Grande-Bretagne, l&#8217;Irlande et l&#8217;Am\u00e9rique du Nord). Sp\u00e9cialiste de l&#8217;histoire de la jeune Am\u00e9rique, elle s&#8217;int\u00e9resse en particulier \u00e0 l&#8217;histoire des colonies m\u00e9dianes puis \u00c9tats (New York, New Jersey, Pennsylvanie, Delaware), et \u00e0 l&#8217;histoire des femmes \u00e0 l&#8217;\u00e9poque r\u00e9volutionnaire am\u00e9ricaine. Elle vient de publier l&#8217;article \u00ab <em>Anglo-American Women&#8217;s Participation in Late 18th-Century Constitutional Debates<\/em> \u00bb dans la revue internationale \u00e0 comit\u00e9 de lecture <em>Journal of Early American History<\/em>, Vol. 15, Issue 3 (mis en ligne le 11 f\u00e9vrier 2026).<\/p>\n  <\/div>\n\n  <!-- S\u00e9parateur -->\n  <hr style=\"border: none;border-top: 1px solid #e0e0e0;margin: 0 0 50px 0\" \/>\n\n  <!-- Amy Wells -->\n  <div style=\"overflow: hidden;margin-bottom: 50px\">\n    <div style=\"float: left;margin: 0 30px 10px 0\">\n      <img decoding=\"async\" src=\"http:\/\/afea.fr\/caen2026\/wp-content\/uploads\/sites\/12\/2026\/03\/amy.jpeg\" alt=\"Amy Wells\" style=\"width: 220px;height: 280px;object-fit: cover\" \/>\n    <\/div>\n    <h2 style=\"font-family: Georgia, 'Times New Roman', serif;font-size: 1.55em;font-weight: normal;color: #1a1a1a;margin: 0 0 6px 0\">Amy Wells<\/h2>\n    <p style=\"font-family: Georgia, 'Times New Roman', serif;font-size: 0.88em;color: #666;font-style: italic;margin: 0 0 18px 0\">Ma\u00eetresse de Conf\u00e9rences HDR, Universit\u00e9 de Caen Normandie \u2014 ERIBIA<\/p>\n    <p style=\"font-family: Georgia, 'Times New Roman', serif;font-size: 0.92em;color: #2c2c2c;text-align: justify;line-height: 1.65;margin: 0 0 12px 0\">Amy Wells est Ma\u00eetresse de Conf\u00e9rences Habilit\u00e9e \u00e0 diriger des recherches en \u00e9tudes am\u00e9ricaines au d\u00e9partement de Langues \u00c9trang\u00e8res Appliqu\u00e9es \u00e0 l&#8217;Universit\u00e9 de Caen Normandie. Depuis 2019, elle est la pr\u00e9sidente de l&#8217;Association Nationale de Langues \u00c9trang\u00e8res Appliqu\u00e9es. Ses axes de recherche portent sur les femmes et leurs r\u00f4les dans la soci\u00e9t\u00e9. Parmi ses projets en cours, il y a une analyse des mod\u00e8les \u00e9conomiques des pratiques craftivistes ainsi qu&#8217;une \u00e9tude sur l&#8217;<em>Antiphon<\/em> de Djuna Barnes. Son texte pr\u00e9f\u00e9r\u00e9 de Gertrude Stein est \u00ab <em>Chicken<\/em> \u00bb dans l&#8217;ouvrage <em>Tender Buttons<\/em>.<\/p>\n  <\/div>\n\n  <!-- S\u00e9parateur -->\n  <hr style=\"border: none;border-top: 1px solid #e0e0e0;margin: 0 0 50px 0\" \/>\n\n  <!-- S\u00e9bastien Mignot -->\n  <div style=\"overflow: hidden;margin-bottom: 20px\">\n    <div style=\"float: left;margin: 0 30px 10px 0\">\n      <img decoding=\"async\" src=\"http:\/\/afea.fr\/caen2026\/wp-content\/uploads\/sites\/12\/2026\/03\/Sebastien.png\" alt=\"S\u00e9bastien Mignot\" style=\"width: 220px;height: 280px;object-fit: cover\" \/>\n    <\/div>\n    <h2 style=\"font-family: Georgia, 'Times New Roman', serif;font-size: 1.55em;font-weight: normal;color: #1a1a1a;margin: 0 0 6px 0\">S\u00e9bastien Mignot<\/h2>\n    <p style=\"font-family: Georgia, 'Times New Roman', serif;font-size: 0.88em;color: #666;font-style: italic;margin: 0 0 18px 0\">Ma\u00eetre de conf\u00e9rences, Universit\u00e9 de Caen Normandie \u2014 ERIBIA<\/p>\n    <p style=\"font-family: Georgia, 'Times New Roman', serif;font-size: 0.92em;color: #2c2c2c;text-align: justify;line-height: 1.65;margin: 0 0 12px 0\">S\u00e9bastien Mignot est ma\u00eetre de conf\u00e9rences en civilisation \u00e9tats-unienne \u00e0 l&#8217;Universit\u00e9 de Caen Normandie et membre du laboratoire de recherche ERIBIA. Sa recherche se situe \u00e0 la crois\u00e9e des \u00e9tudes culturelles et des \u00e9tudes queer, et se concentre sur la repr\u00e9sentation des sexualit\u00e9s LGBTQ+ \u00e0 l&#8217;\u00e9cran. Il vient de publier l&#8217;article \u00ab <em>Traces of a Forgotten Language: Closet Discourse in Post-Closet Times?<\/em> \u00bb dans la revue <em>Film Journal<\/em>.<\/p>\n  <\/div>\n\n<\/div>\n","protected":false},"excerpt":{"rendered":"<p>Organizing Committee \u00a9 Juan Ignacio Oliva Cruz Christine Lorre Professeure, Universit\u00e9 de Caen Normandie \u2014 ERIBIA Christine Lorre est Professeure [&hellip;]<\/p>\n","protected":false},"author":152,"featured_media":0,"parent":0,"menu_order":0,"comment_status":"closed","ping_status":"closed","template":"","meta":{"_uag_custom_page_level_css":"","site-sidebar-layout":"default","site-content-layout":"","ast-site-content-layout":"default","site-content-style":"default","site-sidebar-style":"default","ast-global-header-display":"","ast-banner-title-visibility":"","ast-main-header-display":"","ast-hfb-above-header-display":"","ast-hfb-below-header-display":"","ast-hfb-mobile-header-display":"","site-post-title":"disabled","ast-breadcrumbs-content":"","ast-featured-img":"","footer-sml-layout":"","ast-disable-related-posts":"","theme-transparent-header-meta":"","adv-header-id-meta":"","stick-header-meta":"","header-above-stick-meta":"","header-main-stick-meta":"","header-below-stick-meta":"","astra-migrate-meta-layouts":"default","ast-page-background-enabled":"default","ast-page-background-meta":{"desktop":{"background-color":"var(--ast-global-color-5)","background-image":"","background-repeat":"repeat","background-position":"center center","background-size":"auto","background-attachment":"scroll","background-type":"","background-media":"","overlay-type":"","overlay-color":"","overlay-opacity":"","overlay-gradient":""},"tablet":{"background-color":"","background-image":"","background-repeat":"repeat","background-position":"center center","background-size":"auto","background-attachment":"scroll","background-type":"","background-media":"","overlay-type":"","overlay-color":"","overlay-opacity":"","overlay-gradient":""},"mobile":{"background-color":"","background-image":"","background-repeat":"repeat","background-position":"center center","background-size":"auto","background-attachment":"scroll","background-type":"","background-media":"","overlay-type":"","overlay-color":"","overlay-opacity":"","overlay-gradient":""}},"ast-content-background-meta":{"desktop":{"background-color":"var(--ast-global-color-4)","background-image":"","background-repeat":"repeat","background-position":"center center","background-size":"auto","background-attachment":"scroll","background-type":"","background-media":"","overlay-type":"","overlay-color":"","overlay-opacity":"","overlay-gradient":""},"tablet":{"background-color":"var(--ast-global-color-4)","background-image":"","background-repeat":"repeat","background-position":"center center","background-size":"auto","background-attachment":"scroll","background-type":"","background-media":"","overlay-type":"","overlay-color":"","overlay-opacity":"","overlay-gradient":""},"mobile":{"background-color":"var(--ast-global-color-4)","background-image":"","background-repeat":"repeat","background-position":"center center","background-size":"auto","background-attachment":"scroll","background-type":"","background-media":"","overlay-type":"","overlay-color":"","overlay-opacity":"","overlay-gradient":""}},"footnotes":""},"class_list":["post-20","page","type-page","status-publish","hentry"],"uagb_featured_image_src":{"full":false,"thumbnail":false,"medium":false,"medium_large":false,"large":false,"1536x1536":false,"2048x2048":false},"uagb_author_info":{"display_name":"Hugo Bouvard","author_link":"https:\/\/afea.fr\/caen2026\/author\/hugobouvard\/"},"uagb_comment_info":0,"uagb_excerpt":"Organizing Committee \u00a9 Juan Ignacio Oliva Cruz Christine Lorre Professeure, Universit\u00e9 de Caen Normandie \u2014 ERIBIA Christine Lorre est Professeure [&hellip;]","_links":{"self":[{"href":"https:\/\/afea.fr\/caen2026\/wp-json\/wp\/v2\/pages\/20"}],"collection":[{"href":"https:\/\/afea.fr\/caen2026\/wp-json\/wp\/v2\/pages"}],"about":[{"href":"https:\/\/afea.fr\/caen2026\/wp-json\/wp\/v2\/types\/page"}],"author":[{"embeddable":true,"href":"https:\/\/afea.fr\/caen2026\/wp-json\/wp\/v2\/users\/152"}],"replies":[{"embeddable":true,"href":"https:\/\/afea.fr\/caen2026\/wp-json\/wp\/v2\/comments?post=20"}],"version-history":[{"count":6,"href":"https:\/\/afea.fr\/caen2026\/wp-json\/wp\/v2\/pages\/20\/revisions"}],"predecessor-version":[{"id":90,"href":"https:\/\/afea.fr\/caen2026\/wp-json\/wp\/v2\/pages\/20\/revisions\/90"}],"wp:attachment":[{"href":"https:\/\/afea.fr\/caen2026\/wp-json\/wp\/v2\/media?parent=20"}],"curies":[{"name":"wp","href":"https:\/\/api.w.org\/{rel}","templated":true}]}}