{"id":2,"date":"2021-08-25T05:44:03","date_gmt":"2021-08-25T05:44:03","guid":{"rendered":"https:\/\/afea.fr\/bordeaux2022\/?page_id=2"},"modified":"2022-05-30T08:21:18","modified_gmt":"2022-05-30T08:21:18","slug":"presentation","status":"publish","type":"page","link":"https:\/\/afea.fr\/bordeaux2022\/","title":{"rendered":"Pr\u00e9sentation"},"content":{"rendered":"\n<div class=\"wp-block-media-text alignwide is-stacked-on-mobile is-style-twentytwentyone-border\"><figure class=\"wp-block-media-text__media\"><img loading=\"lazy\" decoding=\"async\" width=\"479\" height=\"640\" src=\"https:\/\/afea.fr\/bordeaux2022\/wp-content\/uploads\/sites\/6\/2022\/03\/Mural.jpeg\" alt=\"Mural, photographie de V\u00e9ronique B\u00e9ghain\" class=\"wp-image-148 size-full\" srcset=\"https:\/\/afea.fr\/bordeaux2022\/wp-content\/uploads\/sites\/6\/2022\/03\/Mural.jpeg 479w, https:\/\/afea.fr\/bordeaux2022\/wp-content\/uploads\/sites\/6\/2022\/03\/Mural-225x300.jpeg 225w\" sizes=\"(max-width: 479px) 100vw, 479px\" \/><\/figure><div class=\"wp-block-media-text__content\">\n<h2 class=\"has-text-align-center wp-block-heading\" id=\"congres-2022\">Congr\u00e8s 2022<\/h2>\n\n\n\n<h3 class=\"has-text-align-center wp-block-heading\" id=\"legitimite-autorite-canons\">\u00ab\u00a0L\u00e9gitimit\u00e9, Autorit\u00e9, Canons\u00a0\u00bb<\/h3>\n\n\n\n<hr class=\"wp-block-separator is-style-dots\" \/>\n\n\n\n<p class=\"has-text-align-center has-small-font-size\">Universit\u00e9 Bordeaux Montaigne<\/p>\n\n\n\n<p class=\"has-text-align-center has-small-font-size\">31 mai au 3 juin 2022<\/p>\n\n\n\n<p class=\"has-text-align-center\"><\/p>\n\n\n\n<p class=\"has-text-align-center\"><a href=\"https:\/\/afea.fr\/bordeaux2022\/2022\/04\/19\/programme-complet\/\" data-type=\"post\" data-id=\"174\">Programme<\/a> (sans r\u00e9sum\u00e9s)<\/p>\n\n\n\n<p class=\"has-text-align-center\"><a href=\"https:\/\/afea.fr\/bordeaux2022\/2022\/05\/30\/programme-complet-avec-abstracts\/\" data-type=\"post\" data-id=\"206\">Programme<\/a> (avec r\u00e9sum\u00e9s)<\/p>\n\n\n\n<p class=\"has-text-align-center\"><a href=\"https:\/\/afea.fr\/bordeaux2022\/2022\/01\/24\/legitimite-autorite-canons-bordeaux-2\/\">Texte de cadrage<\/a><\/p>\n<\/div><\/div>\n\n\n\n<figure class=\"wp-block-image size-full\"><img loading=\"lazy\" decoding=\"async\" width=\"910\" height=\"315\" src=\"https:\/\/afea.fr\/bordeaux2022\/wp-content\/uploads\/sites\/6\/2022\/03\/logos-2lignes.jpg\" alt=\"Logos :\nBordeaux Montaigne, Climas, Ida, Mairie de Bordeaux, R\u00e9gion Nouvelle-Aquitaine, Ambassade des Etats-Unis\" class=\"wp-image-132\" srcset=\"https:\/\/afea.fr\/bordeaux2022\/wp-content\/uploads\/sites\/6\/2022\/03\/logos-2lignes.jpg 910w, https:\/\/afea.fr\/bordeaux2022\/wp-content\/uploads\/sites\/6\/2022\/03\/logos-2lignes-300x104.jpg 300w, https:\/\/afea.fr\/bordeaux2022\/wp-content\/uploads\/sites\/6\/2022\/03\/logos-2lignes-768x266.jpg 768w\" sizes=\"(max-width: 910px) 100vw, 910px\" \/><\/figure>\n","protected":false},"excerpt":{"rendered":"","protected":false},"author":64,"featured_media":0,"parent":0,"menu_order":0,"comment_status":"closed","ping_status":"closed","template":"","meta":{"_uag_custom_page_level_css":"","footnotes":""},"class_list":["post-2","page","type-page","status-publish","hentry","entry"],"uagb_featured_image_src":{"full":false,"thumbnail":false,"medium":false,"medium_large":false,"large":false,"1536x1536":false,"2048x2048":false,"post-thumbnail":false},"uagb_author_info":{"display_name":"Nicolas Labarre","author_link":"https:\/\/afea.fr\/bordeaux2022\/author\/nlabarre\/"},"uagb_comment_info":0,"uagb_excerpt":null,"jetpack_sharing_enabled":true,"_links":{"self":[{"href":"https:\/\/afea.fr\/bordeaux2022\/wp-json\/wp\/v2\/pages\/2"}],"collection":[{"href":"https:\/\/afea.fr\/bordeaux2022\/wp-json\/wp\/v2\/pages"}],"about":[{"href":"https:\/\/afea.fr\/bordeaux2022\/wp-json\/wp\/v2\/types\/page"}],"author":[{"embeddable":true,"href":"https:\/\/afea.fr\/bordeaux2022\/wp-json\/wp\/v2\/users\/64"}],"replies":[{"embeddable":true,"href":"https:\/\/afea.fr\/bordeaux2022\/wp-json\/wp\/v2\/comments?post=2"}],"version-history":[{"count":23,"href":"https:\/\/afea.fr\/bordeaux2022\/wp-json\/wp\/v2\/pages\/2\/revisions"}],"predecessor-version":[{"id":208,"href":"https:\/\/afea.fr\/bordeaux2022\/wp-json\/wp\/v2\/pages\/2\/revisions\/208"}],"wp:attachment":[{"href":"https:\/\/afea.fr\/bordeaux2022\/wp-json\/wp\/v2\/media?parent=2"}],"curies":[{"name":"wp","href":"https:\/\/api.w.org\/{rel}","templated":true}]}}