{"id":1356,"date":"2021-04-19T16:05:57","date_gmt":"2021-04-19T16:05:57","guid":{"rendered":"http:\/\/localhost\/annualconference\/?page_id=1356"},"modified":"2021-04-19T16:18:27","modified_gmt":"2021-04-19T16:18:27","slug":"mentions-legales-legal-notice","status":"publish","type":"page","link":"https:\/\/afea.fr\/annualconference\/mentions-legales-legal-notice\/","title":{"rendered":"Mentions l\u00e9gales \/ Legal notice"},"content":{"rendered":"\n<p><strong>Editeur :<\/strong><br>Site officiel de l\u2019Association Fran\u00e7aise d\u2019Etudes Am\u00e9ricaines (AFEA). Section d\u00e9di\u00e9e au congr\u00e8s annuel.<\/p>\n\n\n\n<p><strong>Directrice de la publication :<\/strong><br>Monica Michlin, Pr\u00e9sidente de l\u2019AFEA<\/p>\n\n\n\n<p><strong>Responsable de l\u2019\u00e9dition :<\/strong><br>David Lipson<\/p>\n\n\n\n<p><strong>Adresse :<\/strong><br>Institut du Monde Anglophone, 5 rue de l\u2019Ecole de M\u00e9decine, 75006 Paris.<\/p>\n\n\n\n<p><strong>H\u00e9bergement :<\/strong><br>OVH<\/p>\n\n\n\n<p><strong>Protection des donn\u00e9es personnelles ou nominatives:<\/strong><\/p>\n\n\n\n<p>Loi n\u00b078-17 du 6 janvier 1978 relative \u00e0 l\u2019informatique, aux fichiers et aux libert\u00e9s. Vous disposez d\u2019un droit d\u2019acc\u00e8s, de modification, de rectification et de suppression des donn\u00e9es qui vous concernent (article 34 de la loi).<\/p>\n\n\n\n<p>Ce droit peut s\u2019exercer directement en <a href=\"https:\/\/afea.fr\/news\/uncategorized\/mentions-legales\/178\/afeawebmestre@gmail.com?customize_changeset_uuid=e73b24b3-69d7-48c3-a8c0-8e93265d3148&amp;customize_autosaved=on&amp;customize_messenger_channel=preview-4\">nous contactant<\/a><\/p>\n\n\n\n<p><strong>Logo&nbsp;:<\/strong><\/p>\n\n\n\n<p><a rel=\"noreferrer noopener\" href=\"http:\/\/www.bourguitypo.com\/\" target=\"_blank\">Site web<\/a> Tel&nbsp;: 0674678915<\/p>\n\n\n\n<p><strong>Design graphique et d\u00e9veloppement&nbsp;:<\/strong><\/p>\n\n\n\n<p><a href=\"https:\/\/www.motra.fr\">MOTRA<\/a><br>Soci\u00e9t\u00e9 coop\u00e9rative d\u2019int\u00e9r\u00eat collectif<br><a href=\"tel:33612476707\">33 6 12 47 67 07 \/&nbsp;contact@motra.fr<\/a><br>3 villa Bol\u00e9ro<br>75019 Paris<\/p>\n","protected":false},"excerpt":{"rendered":"<p>Editeur :Site officiel de l\u2019Association Fran\u00e7aise d\u2019Etudes Am\u00e9ricaines (AFEA). Section d\u00e9di\u00e9e au congr\u00e8s annuel. Directrice de la publication :Monica Michlin, Pr\u00e9sidente de l\u2019AFEA Responsable de l\u2019\u00e9dition :David Lipson Adresse :Institut du Monde Anglophone, 5 rue de l\u2019Ecole de M\u00e9decine, 75006 Paris. H\u00e9bergement :OVH Protection des donn\u00e9es personnelles ou nominatives: Loi n\u00b078-17 du 6 janvier 1978 [&hellip;]<\/p>\n","protected":false},"author":1,"featured_media":0,"parent":0,"menu_order":0,"comment_status":"closed","ping_status":"closed","template":"","meta":{"_uag_custom_page_level_css":"","site-sidebar-layout":"default","site-content-layout":"default","ast-site-content-layout":"default","site-content-style":"default","site-sidebar-style":"default","ast-global-header-display":"","ast-banner-title-visibility":"","ast-main-header-display":"","ast-hfb-above-header-display":"","ast-hfb-below-header-display":"","ast-hfb-mobile-header-display":"","site-post-title":"","ast-breadcrumbs-content":"","ast-featured-img":"","footer-sml-layout":"","ast-disable-related-posts":"","theme-transparent-header-meta":"default","adv-header-id-meta":"","stick-header-meta":"","header-above-stick-meta":"","header-main-stick-meta":"","header-below-stick-meta":"","astra-migrate-meta-layouts":"default","ast-page-background-enabled":"default","ast-page-background-meta":{"desktop":{"background-color":"","background-image":"","background-repeat":"repeat","background-position":"center center","background-size":"auto","background-attachment":"scroll","background-type":"","background-media":"","overlay-type":"","overlay-color":"","overlay-opacity":"","overlay-gradient":""},"tablet":{"background-color":"","background-image":"","background-repeat":"repeat","background-position":"center center","background-size":"auto","background-attachment":"scroll","background-type":"","background-media":"","overlay-type":"","overlay-color":"","overlay-opacity":"","overlay-gradient":""},"mobile":{"background-color":"","background-image":"","background-repeat":"repeat","background-position":"center center","background-size":"auto","background-attachment":"scroll","background-type":"","background-media":"","overlay-type":"","overlay-color":"","overlay-opacity":"","overlay-gradient":""}},"ast-content-background-meta":{"desktop":{"background-color":"var(--ast-global-color-5)","background-image":"","background-repeat":"repeat","background-position":"center center","background-size":"auto","background-attachment":"scroll","background-type":"","background-media":"","overlay-type":"","overlay-color":"","overlay-opacity":"","overlay-gradient":""},"tablet":{"background-color":"var(--ast-global-color-5)","background-image":"","background-repeat":"repeat","background-position":"center center","background-size":"auto","background-attachment":"scroll","background-type":"","background-media":"","overlay-type":"","overlay-color":"","overlay-opacity":"","overlay-gradient":""},"mobile":{"background-color":"var(--ast-global-color-5)","background-image":"","background-repeat":"repeat","background-position":"center center","background-size":"auto","background-attachment":"scroll","background-type":"","background-media":"","overlay-type":"","overlay-color":"","overlay-opacity":"","overlay-gradient":""}},"footnotes":""},"class_list":["post-1356","page","type-page","status-publish","hentry"],"uagb_featured_image_src":{"full":false,"thumbnail":false,"medium":false,"medium_large":false,"large":false,"1536x1536":false,"2048x2048":false},"uagb_author_info":{"display_name":"Admin","author_link":"https:\/\/afea.fr\/annualconference\/author\/yanb\/"},"uagb_comment_info":0,"uagb_excerpt":"Editeur :Site officiel de l\u2019Association Fran\u00e7aise d\u2019Etudes Am\u00e9ricaines (AFEA). Section d\u00e9di\u00e9e au congr\u00e8s annuel. Directrice de la publication :Monica Michlin, Pr\u00e9sidente de l\u2019AFEA Responsable de l\u2019\u00e9dition :David Lipson Adresse :Institut du Monde Anglophone, 5 rue de l\u2019Ecole de M\u00e9decine, 75006 Paris. H\u00e9bergement :OVH Protection des donn\u00e9es personnelles ou nominatives: Loi n\u00b078-17 du 6 janvier 1978&hellip;","jetpack_sharing_enabled":true,"_links":{"self":[{"href":"https:\/\/afea.fr\/annualconference\/wp-json\/wp\/v2\/pages\/1356"}],"collection":[{"href":"https:\/\/afea.fr\/annualconference\/wp-json\/wp\/v2\/pages"}],"about":[{"href":"https:\/\/afea.fr\/annualconference\/wp-json\/wp\/v2\/types\/page"}],"author":[{"embeddable":true,"href":"https:\/\/afea.fr\/annualconference\/wp-json\/wp\/v2\/users\/1"}],"replies":[{"embeddable":true,"href":"https:\/\/afea.fr\/annualconference\/wp-json\/wp\/v2\/comments?post=1356"}],"version-history":[{"count":2,"href":"https:\/\/afea.fr\/annualconference\/wp-json\/wp\/v2\/pages\/1356\/revisions"}],"predecessor-version":[{"id":1360,"href":"https:\/\/afea.fr\/annualconference\/wp-json\/wp\/v2\/pages\/1356\/revisions\/1360"}],"wp:attachment":[{"href":"https:\/\/afea.fr\/annualconference\/wp-json\/wp\/v2\/media?parent=1356"}],"curies":[{"name":"wp","href":"https:\/\/api.w.org\/{rel}","templated":true}]}}