{"id":78,"date":"2023-01-24T09:41:24","date_gmt":"2023-01-24T09:41:24","guid":{"rendered":"https:\/\/afea.fr\/aixmarseille2024\/organizers\/"},"modified":"2024-02-08T17:34:26","modified_gmt":"2024-02-08T17:34:26","slug":"organizers","status":"publish","type":"page","link":"https:\/\/afea.fr\/aixmarseille2024\/organizers\/","title":{"rendered":""},"content":{"rendered":"\n<figure class=\"wp-block-image size-full is-resized\"><img loading=\"lazy\" decoding=\"async\" width=\"179\" height=\"90\" src=\"https:\/\/afea.fr\/aixmarseille2024\/wp-content\/uploads\/sites\/8\/2023\/12\/image-blanc.png\" alt=\"\" class=\"wp-image-520\" style=\"width:56px;height:auto\" \/><\/figure>\n\n\n\n<h2 class=\"wp-block-heading has-text-align-center\">     <strong>Organizing Committee<\/strong><\/h2>\n\n\n\n<figure class=\"wp-block-image aligncenter size-large is-resized\"><img loading=\"lazy\" decoding=\"async\" width=\"1024\" height=\"1024\" src=\"https:\/\/afea.fr\/aixmarseille2024\/wp-content\/uploads\/sites\/8\/2023\/12\/Colorful-Photo-Style-1024x1024.png\" alt=\"\" class=\"wp-image-496\" style=\"width:525px;height:auto\" srcset=\"https:\/\/afea.fr\/aixmarseille2024\/wp-content\/uploads\/sites\/8\/2023\/12\/Colorful-Photo-Style-1024x1024.png 1024w, https:\/\/afea.fr\/aixmarseille2024\/wp-content\/uploads\/sites\/8\/2023\/12\/Colorful-Photo-Style-300x300.png 300w, https:\/\/afea.fr\/aixmarseille2024\/wp-content\/uploads\/sites\/8\/2023\/12\/Colorful-Photo-Style-150x150.png 150w, https:\/\/afea.fr\/aixmarseille2024\/wp-content\/uploads\/sites\/8\/2023\/12\/Colorful-Photo-Style-768x768.png 768w, https:\/\/afea.fr\/aixmarseille2024\/wp-content\/uploads\/sites\/8\/2023\/12\/Colorful-Photo-Style.png 1080w\" sizes=\"(max-width: 1024px) 100vw, 1024px\" \/><\/figure>\n\n\n\n<figure class=\"wp-block-image aligncenter is-resized\"><img decoding=\"async\" src=\"https:\/\/afea.fr\/aixmarseille2024\/wp-content\/uploads\/sites\/8\/2023\/12\/Black-and-White-Photo-Style-court-1-1024x896.png\" alt=\"\" style=\"width:525px;height:auto\" title=\"\" \/><\/figure>\n\n\n\n<figure class=\"wp-block-image aligncenter size-full is-resized\"><img loading=\"lazy\" decoding=\"async\" width=\"439\" height=\"497\" src=\"https:\/\/afea.fr\/aixmarseille2024\/wp-content\/uploads\/sites\/8\/2024\/01\/PF.png\" alt=\"\" class=\"wp-image-554\" style=\"width:166px;height:auto\" srcset=\"https:\/\/afea.fr\/aixmarseille2024\/wp-content\/uploads\/sites\/8\/2024\/01\/PF.png 439w, https:\/\/afea.fr\/aixmarseille2024\/wp-content\/uploads\/sites\/8\/2024\/01\/PF-265x300.png 265w\" sizes=\"(max-width: 439px) 100vw, 439px\" \/><figcaption class=\"wp-element-caption\"><sub><strong>Pierre-Fran\u00e7ois PEIRANO<\/strong> <a href=\"https:\/\/babel.univ-tln.fr\/peirano-pierre-francois\/\">Universit\u00e9 de Toulon (BABEL)<\/a><\/sub><\/figcaption><\/figure>\n\n\n\n<p class=\"has-text-align-center\"><em><strong>For more information about our team<\/strong><\/em>: <a href=\"https:\/\/lerma.univ-amu.fr\/laboratoire\/membres\/\">https:\/\/lerma.univ-amu.fr\/laboratoire\/membres\/<\/a><\/p>\n\n\n\n<h2 class=\"wp-block-heading has-text-align-center\">      <strong>Scientific Committee&nbsp;<\/strong><\/h2>\n\n\n\n<figure class=\"wp-block-image aligncenter size-large is-resized\"><img loading=\"lazy\" decoding=\"async\" width=\"724\" height=\"1024\" src=\"https:\/\/afea.fr\/aixmarseille2024\/wp-content\/uploads\/sites\/8\/2024\/02\/very-last-trombi-cut-1-724x1024.png\" alt=\"\" class=\"wp-image-591\" style=\"width:436px;height:auto\" srcset=\"https:\/\/afea.fr\/aixmarseille2024\/wp-content\/uploads\/sites\/8\/2024\/02\/very-last-trombi-cut-1-724x1024.png 724w, https:\/\/afea.fr\/aixmarseille2024\/wp-content\/uploads\/sites\/8\/2024\/02\/very-last-trombi-cut-1-212x300.png 212w, https:\/\/afea.fr\/aixmarseille2024\/wp-content\/uploads\/sites\/8\/2024\/02\/very-last-trombi-cut-1.png 764w\" sizes=\"(max-width: 724px) 100vw, 724px\" \/><\/figure>\n\n\n\n<ul class=\"wp-block-list\">\n<li>Anouk Bottero, Institut National Universitaire Champollion, Albi<\/li>\n\n\n\n<li>Tamara Boussac, Universite\u0301 Paris 1 Panthe\u0301on-Sorbonne<\/li>\n\n\n\n<li>Esther Cyna, Universite\u0301 de Versailles Saint-Quentin-en-Yvelines, Paris-Saclay<\/li>\n\n\n\n<li>Audrey Haensler, Universite\u0301 de Bourgogne, Dijon<\/li>\n<\/ul>\n\n\n\n<p><strong>Sponsors<\/strong><br><em>The organizing committee would like to acknowledge and thank the following persons and institutions for their support:<\/em><\/p>\n\n\n\n<p>Association Fran\u00e7aise d&#8217;\u00c9tudes Am\u00e9ricaines<\/p>\n\n\n\n<p>LERMA (<a href=\"https:\/\/lerma.univ-amu.fr\/\">Laboratoire d&#8217;Etudes et de Recherche du Monde Anglophone<\/a>, UR 853, AMU)<\/p>\n\n\n\n<p>Aix-Marseille Universit\u00e9<\/p>\n\n\n\n<p>Institut des Am\u00e9riques (<a href=\"https:\/\/www.institutdesameriques.fr\/\">https:\/\/www.institutdesameriques.fr\/<\/a>)<\/p>\n\n\n\n<p>MGEN, and in particular Mme Isabelle Magni, in charge of relations with Education Nationale and MESRI for PACA<\/p>\n\n\n\n<p><a href=\"https:\/\/fulbright-france.org\/\">Commission Franco-am\u00e9ricaine Fulbright<\/a>, and in particular Executive Director Mme Martine Roussel and Mme Camille Bissegger at the Communications department<\/p>\n\n\n\n<p>Absa d&#8217;Agaro, administrative support (DRV &#8211; AMU)<\/p>\n\n\n\n<p>Our interns from the ECMA Masters&#8217; program: Jeanne Esnault, Chlo\u00e9 Nunez D&#8217;acunha, Sarah Vivona<\/p>\n\n\n\n<p><br><br><\/p>\n","protected":false},"excerpt":{"rendered":"<p>Organizing Committee For more information about our team: https:\/\/lerma.univ-amu.fr\/laboratoire\/membres\/ Scientific Committee&nbsp; SponsorsThe organizing committee would like to acknowledge and thank the following persons and institutions for their support: Association Fran\u00e7aise d&#8217;\u00c9tudes Am\u00e9ricaines LERMA (Laboratoire d&#8217;Etudes et de Recherche du Monde Anglophone, UR 853, AMU) Aix-Marseille Universit\u00e9 Institut des Am\u00e9riques (https:\/\/www.institutdesameriques.fr\/) MGEN, and in particular Mme [&hellip;]<\/p>\n","protected":false},"author":152,"featured_media":0,"parent":0,"menu_order":6,"comment_status":"closed","ping_status":"closed","template":"","meta":{"_uag_custom_page_level_css":"","footnotes":""},"class_list":["post-78","page","type-page","status-publish","hentry"],"uagb_featured_image_src":{"full":false,"thumbnail":false,"medium":false,"medium_large":false,"large":false,"1536x1536":false,"2048x2048":false},"uagb_author_info":{"display_name":"Hugo Bouvard","author_link":"https:\/\/afea.fr\/aixmarseille2024\/author\/hugobouvard\/"},"uagb_comment_info":0,"uagb_excerpt":"Organizing Committee For more information about our team: https:\/\/lerma.univ-amu.fr\/laboratoire\/membres\/ Scientific Committee&nbsp; SponsorsThe organizing committee would like to acknowledge and thank the following persons and institutions for their support: Association Fran\u00e7aise d&#8217;\u00c9tudes Am\u00e9ricaines LERMA (Laboratoire d&#8217;Etudes et de Recherche du Monde Anglophone, UR 853, AMU) Aix-Marseille Universit\u00e9 Institut des Am\u00e9riques (https:\/\/www.institutdesameriques.fr\/) MGEN, and in particular Mme&hellip;","jetpack_sharing_enabled":true,"_links":{"self":[{"href":"https:\/\/afea.fr\/aixmarseille2024\/wp-json\/wp\/v2\/pages\/78"}],"collection":[{"href":"https:\/\/afea.fr\/aixmarseille2024\/wp-json\/wp\/v2\/pages"}],"about":[{"href":"https:\/\/afea.fr\/aixmarseille2024\/wp-json\/wp\/v2\/types\/page"}],"author":[{"embeddable":true,"href":"https:\/\/afea.fr\/aixmarseille2024\/wp-json\/wp\/v2\/users\/152"}],"replies":[{"embeddable":true,"href":"https:\/\/afea.fr\/aixmarseille2024\/wp-json\/wp\/v2\/comments?post=78"}],"version-history":[{"count":30,"href":"https:\/\/afea.fr\/aixmarseille2024\/wp-json\/wp\/v2\/pages\/78\/revisions"}],"predecessor-version":[{"id":594,"href":"https:\/\/afea.fr\/aixmarseille2024\/wp-json\/wp\/v2\/pages\/78\/revisions\/594"}],"wp:attachment":[{"href":"https:\/\/afea.fr\/aixmarseille2024\/wp-json\/wp\/v2\/media?parent=78"}],"curies":[{"name":"wp","href":"https:\/\/api.w.org\/{rel}","templated":true}]}}