{"id":410,"date":"2023-12-04T14:55:19","date_gmt":"2023-12-04T14:55:19","guid":{"rendered":"https:\/\/afea.fr\/aixmarseille2024\/?page_id=410"},"modified":"2024-04-03T07:51:20","modified_gmt":"2024-04-03T07:51:20","slug":"accomodation","status":"publish","type":"page","link":"https:\/\/afea.fr\/aixmarseille2024\/accomodation\/","title":{"rendered":"Accommodations"},"content":{"rendered":"\n<p>The following hotels are<strong> within walking distance<\/strong> (10-15mn) from the conference venue. We strongly recommend you <strong>book a room early<\/strong> as Aix will be very busy due to Spring break traveling.<\/p>\n\n\n\n<p>**** <a href=\"https:\/\/www.grandhotelroirene-aixenprovence.com\/\">Grand H\u00f4tel du Roy Ren\u00e9<\/a> <\/p>\n\n\n\n<p>**** <a href=\"https:\/\/www.odalys-vacances.com\/location-campagne\/provence-et-luberon\/aix-en-provence\/les-floridianes.html?esl-k=sem-google|ng|c672358641990|me|kodalys%20les%20floridianes|p|t|dc|a31648604684|g636302383&amp;gad_source=1&amp;gclid=Cj0KCQiA67CrBhC1ARIsACKAa8QySYMT3pNHIeA6aXYXIchsZU442THWUBCl7zL6cE7CWqLtGX1Wu0caAgpKEALw_wcB\">Odalys les Floridianes<\/a><\/p>\n\n\n\n<p>**** <a href=\"https:\/\/boutiquehotelcezanne.com\/\">H\u00f4tel le C\u00e9zanne<\/a><\/p>\n\n\n\n<p>**** <a href=\"https:\/\/www.hotel-rotonde.com\/\">H\u00f4tel Rotonde<\/a><\/p>\n\n\n\n<p><\/p>\n\n\n\n<p>*** <a href=\"https:\/\/hotel-augustins.com\/\">H\u00f4tel des Augustins<\/a><\/p>\n\n\n\n<p>*** <a href=\"http:\/\/saint-christophe.leprovencehotels.com\/fr\/\">H\u00f4tel St Christophe<\/a><\/p>\n\n\n\n<p>*** <a href=\"https:\/\/www.hotel-aixenprovence-concorde.com\/\">H\u00f4tel Le Concorde<\/a><\/p>\n\n\n\n<p>** <a href=\"https:\/\/www.hotel-cardinal-aix.com\/\">H\u00f4tel Cardinal<\/a><\/p>\n\n\n\n<p><a href=\"https:\/\/www.hotel-bb.com\/fr\/hotel\/aix-en-provence-pont-de-l-arc?utm_source=googlemaps&amp;utm_medium=fichehotel&amp;utm_campaign=yext\" target=\"_blank\" rel=\"noreferrer noopener\">** H\u00f4tel B&amp;B Pont de l&#8217;Arc<\/a><\/p>\n\n\n\n<p><strong>A little bit further (for participants with a car)<\/strong><\/p>\n\n\n\n<p>** <a href=\"https:\/\/all.accor.com\/ssr\/app\/ibis\/rates\/6372\/index.fr.shtml?compositions=1&amp;dateIn=2023-12-03&amp;nights=1&amp;hideHotelDetails=false&amp;destination=aix-en-provence-france&amp;utm_campaign=ppc-ibi-mar-goo-fr-fr-dom_rest-mix-s&amp;utm_content=fr-fr-FR-V0043&amp;utm_medium=cpc&amp;utm_source=google&amp;utm_term=mar\">Ibis Budget Aix-en-Provence les Milles<\/a><\/p>\n","protected":false},"excerpt":{"rendered":"<p>The following hotels are within walking distance (10-15mn) from the conference venue. We strongly recommend you book a room early as Aix will be very busy due to Spring break traveling. **** Grand H\u00f4tel du Roy Ren\u00e9 **** Odalys les Floridianes **** H\u00f4tel le C\u00e9zanne **** H\u00f4tel Rotonde *** H\u00f4tel des Augustins *** H\u00f4tel St [&hellip;]<\/p>\n","protected":false},"author":309,"featured_media":0,"parent":0,"menu_order":0,"comment_status":"closed","ping_status":"closed","template":"","meta":{"_uag_custom_page_level_css":"","footnotes":""},"class_list":["post-410","page","type-page","status-publish","hentry"],"uagb_featured_image_src":{"full":false,"thumbnail":false,"medium":false,"medium_large":false,"large":false,"1536x1536":false,"2048x2048":false},"uagb_author_info":{"display_name":"C\u00e9cile Cottenet","author_link":"https:\/\/afea.fr\/aixmarseille2024\/author\/cecile-cottenet\/"},"uagb_comment_info":0,"uagb_excerpt":"The following hotels are within walking distance (10-15mn) from the conference venue. We strongly recommend you book a room early as Aix will be very busy due to Spring break traveling. **** Grand H\u00f4tel du Roy Ren\u00e9 **** Odalys les Floridianes **** H\u00f4tel le C\u00e9zanne **** H\u00f4tel Rotonde *** H\u00f4tel des Augustins *** H\u00f4tel St&hellip;","jetpack_sharing_enabled":true,"_links":{"self":[{"href":"https:\/\/afea.fr\/aixmarseille2024\/wp-json\/wp\/v2\/pages\/410"}],"collection":[{"href":"https:\/\/afea.fr\/aixmarseille2024\/wp-json\/wp\/v2\/pages"}],"about":[{"href":"https:\/\/afea.fr\/aixmarseille2024\/wp-json\/wp\/v2\/types\/page"}],"author":[{"embeddable":true,"href":"https:\/\/afea.fr\/aixmarseille2024\/wp-json\/wp\/v2\/users\/309"}],"replies":[{"embeddable":true,"href":"https:\/\/afea.fr\/aixmarseille2024\/wp-json\/wp\/v2\/comments?post=410"}],"version-history":[{"count":16,"href":"https:\/\/afea.fr\/aixmarseille2024\/wp-json\/wp\/v2\/pages\/410\/revisions"}],"predecessor-version":[{"id":652,"href":"https:\/\/afea.fr\/aixmarseille2024\/wp-json\/wp\/v2\/pages\/410\/revisions\/652"}],"wp:attachment":[{"href":"https:\/\/afea.fr\/aixmarseille2024\/wp-json\/wp\/v2\/media?parent=410"}],"curies":[{"name":"wp","href":"https:\/\/api.w.org\/{rel}","templated":true}]}}